{"id":613734,"date":"2025-08-09T19:53:04","date_gmt":"2025-08-09T17:53:04","guid":{"rendered":"https:\/\/lucacastelli.com\/prodotto\/milwaukee-abr-tape-100x560mm-g40-5-pcs\/"},"modified":"2025-08-09T19:53:04","modified_gmt":"2025-08-09T17:53:04","slug":"milwaukee-abr-tape-100x560mm-g40-5-pcs","status":"publish","type":"product","link":"https:\/\/lucacastelli.com\/de\/produkt\/milwaukee-abr-tape-100x560mm-g40-5-pcs\/","title":{"rendered":"Milwaukee ABR TAPE 100x560MM G40 &#8211; 5 pcs."},"content":{"rendered":"<p>ABR BELT 100x560MM G40 &#8211; 5pcs<br \/>\nSchleifb\u00e4nder f\u00fcr Holz, Metall, Farbe, Gips, Guss Aluminiumoxidkorn, halboffen; Kunstharzbindung auf Spezialgewebe; geeignet f\u00fcr Bandschleifer BS 100 LE<\/p>\n<p>4932492286<br \/>\n4058546416539<\/p>\n","protected":false},"excerpt":{"rendered":"<p>ABR TAPE 100x560MM G40 &#8211; 5pcs.<\/p>\n","protected":false},"featured_media":555718,"template":"","meta":{"_seopress_robots_primary_cat":"","_seopress_titles_title":"","_seopress_titles_desc":"","_seopress_robots_index":""},"product_brand":[3656],"product_cat":[5529,150],"product_tag":[3272],"class_list":{"0":"post-613734","1":"product","2":"type-product","3":"status-publish","4":"has-post-thumbnail","6":"product_brand-milwaukee-de","7":"product_cat-workshop-tools","8":"product_cat-ausrustung","9":"product_tag-import-milwau-de","10":"sws-conto-ricavi-merci-rivendita-macchinari-de","11":"sws-gruppo-iva-iva81-de","13":"first","14":"onbackorder","15":"sale","16":"shipping-taxable","17":"purchasable","18":"product-type-simple"},"_links":{"self":[{"href":"https:\/\/lucacastelli.com\/de\/wp-json\/wp\/v2\/product\/613734","targetHints":{"allow":["GET"]}}],"collection":[{"href":"https:\/\/lucacastelli.com\/de\/wp-json\/wp\/v2\/product"}],"about":[{"href":"https:\/\/lucacastelli.com\/de\/wp-json\/wp\/v2\/types\/product"}],"wp:featuredmedia":[{"embeddable":true,"href":"https:\/\/lucacastelli.com\/de\/wp-json\/wp\/v2\/media\/555718"}],"wp:attachment":[{"href":"https:\/\/lucacastelli.com\/de\/wp-json\/wp\/v2\/media?parent=613734"}],"wp:term":[{"taxonomy":"product_brand","embeddable":true,"href":"https:\/\/lucacastelli.com\/de\/wp-json\/wp\/v2\/product_brand?post=613734"},{"taxonomy":"product_cat","embeddable":true,"href":"https:\/\/lucacastelli.com\/de\/wp-json\/wp\/v2\/product_cat?post=613734"},{"taxonomy":"product_tag","embeddable":true,"href":"https:\/\/lucacastelli.com\/de\/wp-json\/wp\/v2\/product_tag?post=613734"}],"curies":[{"name":"wp","href":"https:\/\/api.w.org\/{rel}","templated":true}]}}