{"id":613727,"date":"2025-08-09T19:52:43","date_gmt":"2025-08-09T17:52:43","guid":{"rendered":"https:\/\/lucacastelli.com\/prodotto\/milwaukee-schmirgelband-75x457-g100\/"},"modified":"2025-08-09T19:52:43","modified_gmt":"2025-08-09T17:52:43","slug":"milwaukee-schmirgelband-75x457-g100","status":"publish","type":"product","link":"https:\/\/lucacastelli.com\/de\/produkt\/milwaukee-schmirgelband-75x457-g100\/","title":{"rendered":"MILWAUKEE SCHMIRGELBAND 75X457 G100"},"content":{"rendered":"<p>PR\u00c4GEBAND. 75X457 G100<br \/>\nGewebe-Schmirgelband f\u00fcr Holz, Metall, Farbe, Lack, Gips;K\u00f6rnungstyp: Aluminiumoxid;Mit Kunstharz auf Spezialgewebe gebunden;Schmirgelband 75 x 457 mm;f\u00fcr Bandschleifer M18 <\/p>\n<p>4932480549<br \/>\n4058546408343<\/p>\n","protected":false},"excerpt":{"rendered":"<p>SMER TAPE. 75X457 G100 <\/p>\n","protected":false},"featured_media":552279,"template":"","meta":{"_seopress_robots_primary_cat":"","_seopress_titles_title":"","_seopress_titles_desc":"","_seopress_robots_index":""},"product_brand":[3656],"product_cat":[150,5529],"product_tag":[3272],"class_list":{"0":"post-613727","1":"product","2":"type-product","3":"status-publish","4":"has-post-thumbnail","6":"product_brand-milwaukee-de","7":"product_cat-ausrustung","8":"product_cat-workshop-tools","9":"product_tag-import-milwau-de","10":"sws-conto-ricavi-merci-rivendita-macchinari-de","11":"sws-gruppo-iva-iva81-de","13":"first","14":"onbackorder","15":"sale","16":"shipping-taxable","17":"purchasable","18":"product-type-simple"},"_links":{"self":[{"href":"https:\/\/lucacastelli.com\/de\/wp-json\/wp\/v2\/product\/613727","targetHints":{"allow":["GET"]}}],"collection":[{"href":"https:\/\/lucacastelli.com\/de\/wp-json\/wp\/v2\/product"}],"about":[{"href":"https:\/\/lucacastelli.com\/de\/wp-json\/wp\/v2\/types\/product"}],"wp:featuredmedia":[{"embeddable":true,"href":"https:\/\/lucacastelli.com\/de\/wp-json\/wp\/v2\/media\/552279"}],"wp:attachment":[{"href":"https:\/\/lucacastelli.com\/de\/wp-json\/wp\/v2\/media?parent=613727"}],"wp:term":[{"taxonomy":"product_brand","embeddable":true,"href":"https:\/\/lucacastelli.com\/de\/wp-json\/wp\/v2\/product_brand?post=613727"},{"taxonomy":"product_cat","embeddable":true,"href":"https:\/\/lucacastelli.com\/de\/wp-json\/wp\/v2\/product_cat?post=613727"},{"taxonomy":"product_tag","embeddable":true,"href":"https:\/\/lucacastelli.com\/de\/wp-json\/wp\/v2\/product_tag?post=613727"}],"curies":[{"name":"wp","href":"https:\/\/api.w.org\/{rel}","templated":true}]}}