{"id":613721,"date":"2025-08-09T19:31:50","date_gmt":"2025-08-09T17:31:50","guid":{"rendered":"https:\/\/lucacastelli.com\/prodotto\/milwaukee-papageienzange\/"},"modified":"2025-08-09T19:31:50","modified_gmt":"2025-08-09T17:31:50","slug":"milwaukee-papageienzange","status":"publish","type":"product","link":"https:\/\/lucacastelli.com\/de\/produkt\/milwaukee-papageienzange\/","title":{"rendered":"Milwaukee Papageienzange"},"content":{"rendered":"<p>ADJUSTING GRIPPER 300mm<br \/>\nDoppelt gezahnte Klemmbacken f\u00fcr maximalen Grip; Induktionsgeh\u00e4rtete Klemmbacken mit selbstsichernder Verriegelung gegen Abrutschen; Integrierte Nagelhalterung; Design garantiert hohe Festigkeit und Greifkapazit\u00e4t; Druckknopf f\u00fcr schnelle und pr\u00e4zise Einstellungen; Gesch\u00fctzte Finger an jedem Einstellpunkt der Zahnstange<\/p>\n<p>4932492460<br \/>\n4058546418274<\/p>\n","protected":false},"excerpt":{"rendered":"<p>EINSTELLPFEIL 300mm<\/p>\n","protected":false},"featured_media":556639,"template":"","meta":{"_seopress_robots_primary_cat":"","_seopress_titles_title":"","_seopress_titles_desc":"","_seopress_robots_index":""},"product_brand":[3407],"product_cat":[5416,33],"product_tag":[3270],"class_list":{"0":"post-613721","1":"product","2":"type-product","3":"status-publish","4":"has-post-thumbnail","6":"product_brand-milwaukee","7":"product_cat-utensili-per-officina","8":"product_cat-attrezzature","9":"product_tag-import-milwau","10":"sws-conto-ricavi-merci-rivendita-macchinari-de","11":"sws-gruppo-iva-iva81-de","13":"first","14":"onbackorder","15":"sale","16":"shipping-taxable","17":"purchasable","18":"product-type-simple"},"_links":{"self":[{"href":"https:\/\/lucacastelli.com\/de\/wp-json\/wp\/v2\/product\/613721","targetHints":{"allow":["GET"]}}],"collection":[{"href":"https:\/\/lucacastelli.com\/de\/wp-json\/wp\/v2\/product"}],"about":[{"href":"https:\/\/lucacastelli.com\/de\/wp-json\/wp\/v2\/types\/product"}],"wp:featuredmedia":[{"embeddable":true,"href":"https:\/\/lucacastelli.com\/de\/wp-json\/wp\/v2\/media\/556639"}],"wp:attachment":[{"href":"https:\/\/lucacastelli.com\/de\/wp-json\/wp\/v2\/media?parent=613721"}],"wp:term":[{"taxonomy":"product_brand","embeddable":true,"href":"https:\/\/lucacastelli.com\/de\/wp-json\/wp\/v2\/product_brand?post=613721"},{"taxonomy":"product_cat","embeddable":true,"href":"https:\/\/lucacastelli.com\/de\/wp-json\/wp\/v2\/product_cat?post=613721"},{"taxonomy":"product_tag","embeddable":true,"href":"https:\/\/lucacastelli.com\/de\/wp-json\/wp\/v2\/product_tag?post=613721"}],"curies":[{"name":"wp","href":"https:\/\/api.w.org\/{rel}","templated":true}]}}