{"id":613718,"date":"2025-08-09T19:31:48","date_gmt":"2025-08-09T17:31:48","guid":{"rendered":"https:\/\/lucacastelli.com\/prodotto\/milwaukee-langbeckenzange-2\/"},"modified":"2025-08-09T19:31:48","modified_gmt":"2025-08-09T17:31:48","slug":"milwaukee-langbeckenzange-2","status":"publish","type":"product","link":"https:\/\/lucacastelli.com\/de\/produkt\/milwaukee-langbeckenzange-2\/","title":{"rendered":"Milwaukee Langbeckenzange"},"content":{"rendered":"<p>LANGKOPFZANGE<br \/>\nHervorragende Hebelwirkung f\u00fcr leichtes und m\u00fcheloses Arbeiten;Integrierter Schraubenauszieher (M10);Induktionsgeh\u00e4rtete Schneiden erm\u00f6glichen das Schneiden von harten und weichen Dr\u00e4hten;Abgerundete Kopfkanten;Reflektionsfreies Kopfdesign und maximale Korrosionsbest\u00e4ndigkeit;Weicher Bimaterial-Griff f\u00fcr bequeme Handhabung;Material am Ende verhindert den Verlust des Griffs;Loch f\u00fcr Auffanggurt<\/p>\n<p>4932492465<br \/>\n4058546418328<\/p>\n","protected":false},"excerpt":{"rendered":"<p>SPITZZANGE<\/p>\n","protected":false},"featured_media":556672,"template":"","meta":{"_seopress_robots_primary_cat":"","_seopress_titles_title":"","_seopress_titles_desc":"","_seopress_robots_index":""},"product_brand":[3407],"product_cat":[5416,33],"product_tag":[3270],"class_list":{"0":"post-613718","1":"product","2":"type-product","3":"status-publish","4":"has-post-thumbnail","6":"product_brand-milwaukee","7":"product_cat-utensili-per-officina","8":"product_cat-attrezzature","9":"product_tag-import-milwau","10":"sws-conto-ricavi-merci-rivendita-macchinari-de","11":"sws-gruppo-iva-iva81-de","13":"first","14":"onbackorder","15":"sale","16":"shipping-taxable","17":"purchasable","18":"product-type-simple"},"_links":{"self":[{"href":"https:\/\/lucacastelli.com\/de\/wp-json\/wp\/v2\/product\/613718","targetHints":{"allow":["GET"]}}],"collection":[{"href":"https:\/\/lucacastelli.com\/de\/wp-json\/wp\/v2\/product"}],"about":[{"href":"https:\/\/lucacastelli.com\/de\/wp-json\/wp\/v2\/types\/product"}],"wp:featuredmedia":[{"embeddable":true,"href":"https:\/\/lucacastelli.com\/de\/wp-json\/wp\/v2\/media\/556672"}],"wp:attachment":[{"href":"https:\/\/lucacastelli.com\/de\/wp-json\/wp\/v2\/media?parent=613718"}],"wp:term":[{"taxonomy":"product_brand","embeddable":true,"href":"https:\/\/lucacastelli.com\/de\/wp-json\/wp\/v2\/product_brand?post=613718"},{"taxonomy":"product_cat","embeddable":true,"href":"https:\/\/lucacastelli.com\/de\/wp-json\/wp\/v2\/product_cat?post=613718"},{"taxonomy":"product_tag","embeddable":true,"href":"https:\/\/lucacastelli.com\/de\/wp-json\/wp\/v2\/product_tag?post=613718"}],"curies":[{"name":"wp","href":"https:\/\/api.w.org\/{rel}","templated":true}]}}