{"id":613712,"date":"2025-08-09T19:31:47","date_gmt":"2025-08-09T17:31:47","guid":{"rendered":"https:\/\/lucacastelli.com\/prodotto\/milwaukee-langbeckenzange\/"},"modified":"2025-08-09T19:31:47","modified_gmt":"2025-08-09T17:31:47","slug":"milwaukee-langbeckenzange","status":"publish","type":"product","link":"https:\/\/lucacastelli.com\/de\/produkt\/milwaukee-langbeckenzange\/","title":{"rendered":"Milwaukee Langbeckenzange"},"content":{"rendered":"<p>LONG BENDED 45\u00b0 PLIERS<br \/>\nHervorragende Hebelwirkung f\u00fcr leichtes und m\u00fcheloses Arbeiten;Integrierter Schraubenauszieher (M10);Induktionsgeh\u00e4rtete Schneiden erm\u00f6glichen das Schneiden von harten und weichen Dr\u00e4hten;Abgerundete Kopfkanten;Reflektionsfreies Kopfdesign und maximale Korrosionsbest\u00e4ndigkeit;Weicher Bimaterial-Griff f\u00fcr komfortable Handhabung;Material am Ende verhindert den Verlust der Griffigkeit;Loch f\u00fcr Schl\u00fcsselband<\/p>\n<p>4932492466<br \/>\n4058546418335<\/p>\n","protected":false},"excerpt":{"rendered":"<p>EINE UM 45\u00b0 GEBOGENE SPITZZANGE.<\/p>\n","protected":false},"featured_media":556693,"template":"","meta":{"_seopress_robots_primary_cat":"","_seopress_titles_title":"","_seopress_titles_desc":"","_seopress_robots_index":""},"product_brand":[3407],"product_cat":[5416,33],"product_tag":[3270],"class_list":{"0":"post-613712","1":"product","2":"type-product","3":"status-publish","4":"has-post-thumbnail","6":"product_brand-milwaukee","7":"product_cat-utensili-per-officina","8":"product_cat-attrezzature","9":"product_tag-import-milwau","10":"sws-conto-ricavi-merci-rivendita-macchinari-de","11":"sws-gruppo-iva-iva81-de","13":"first","14":"onbackorder","15":"sale","16":"shipping-taxable","17":"purchasable","18":"product-type-simple"},"_links":{"self":[{"href":"https:\/\/lucacastelli.com\/de\/wp-json\/wp\/v2\/product\/613712","targetHints":{"allow":["GET"]}}],"collection":[{"href":"https:\/\/lucacastelli.com\/de\/wp-json\/wp\/v2\/product"}],"about":[{"href":"https:\/\/lucacastelli.com\/de\/wp-json\/wp\/v2\/types\/product"}],"wp:featuredmedia":[{"embeddable":true,"href":"https:\/\/lucacastelli.com\/de\/wp-json\/wp\/v2\/media\/556693"}],"wp:attachment":[{"href":"https:\/\/lucacastelli.com\/de\/wp-json\/wp\/v2\/media?parent=613712"}],"wp:term":[{"taxonomy":"product_brand","embeddable":true,"href":"https:\/\/lucacastelli.com\/de\/wp-json\/wp\/v2\/product_brand?post=613712"},{"taxonomy":"product_cat","embeddable":true,"href":"https:\/\/lucacastelli.com\/de\/wp-json\/wp\/v2\/product_cat?post=613712"},{"taxonomy":"product_tag","embeddable":true,"href":"https:\/\/lucacastelli.com\/de\/wp-json\/wp\/v2\/product_tag?post=613712"}],"curies":[{"name":"wp","href":"https:\/\/api.w.org\/{rel}","templated":true}]}}