{"id":613707,"date":"2025-08-09T19:31:44","date_gmt":"2025-08-09T17:31:44","guid":{"rendered":"https:\/\/lucacastelli.com\/prodotto\/milwaukee-abisolierzange\/"},"modified":"2025-08-09T19:31:44","modified_gmt":"2025-08-09T17:31:44","slug":"milwaukee-abisolierzange","status":"publish","type":"product","link":"https:\/\/lucacastelli.com\/de\/produkt\/milwaukee-abisolierzange\/","title":{"rendered":"Milwaukee Abisolierzange"},"content":{"rendered":"<p>WIRING STRIPPER<br \/>\nVollautomatische, selbsteinstellende Abisolierzange f\u00fcr alle Dr\u00e4hte von 0,2 mm\u00b2 bis 16 mm\u00b2;Einstellbarer L\u00e4ngenanschlag von 5 mm bis 25 mm f\u00fcr pr\u00e4zises Arbeiten;Integrierter Seitenschneider zum Schneiden von Dr\u00e4hten bis zu 3 mm Cu\/AI;Schlankes Kopfdesign f\u00fcr leichteren Zugang zu schwierigen Stellen;Zweikomponenten-Griffdesign f\u00fcr bequeme Handhabung und maximale Kraft\u00fcbertragung;Verriegelungsmechanismus f\u00fcr sichere und platzsparende Aufbewahrung;Integriertes Namensschild im Griff, um das Werkzeug zu personalisieren;Absturzsicherung, einfache Verwendung mit dem Milwaukee-Spitzensortiment und f\u00fcr den Einsatz in der H\u00f6he<\/p>\n<p>4932498268<br \/>\n4058546521370<\/p>\n","protected":false},"excerpt":{"rendered":"<p>DRAHTSTREIFER<\/p>\n","protected":false},"featured_media":566728,"template":"","meta":{"_seopress_robots_primary_cat":"","_seopress_titles_title":"","_seopress_titles_desc":"","_seopress_robots_index":""},"product_brand":[3407],"product_cat":[5416,33],"product_tag":[3270],"class_list":{"0":"post-613707","1":"product","2":"type-product","3":"status-publish","4":"has-post-thumbnail","6":"product_brand-milwaukee","7":"product_cat-utensili-per-officina","8":"product_cat-attrezzature","9":"product_tag-import-milwau","10":"sws-conto-ricavi-merci-rivendita-macchinari-de","11":"sws-gruppo-iva-iva81-de","13":"first","14":"onbackorder","15":"sale","16":"shipping-taxable","17":"purchasable","18":"product-type-simple"},"_links":{"self":[{"href":"https:\/\/lucacastelli.com\/de\/wp-json\/wp\/v2\/product\/613707","targetHints":{"allow":["GET"]}}],"collection":[{"href":"https:\/\/lucacastelli.com\/de\/wp-json\/wp\/v2\/product"}],"about":[{"href":"https:\/\/lucacastelli.com\/de\/wp-json\/wp\/v2\/types\/product"}],"wp:featuredmedia":[{"embeddable":true,"href":"https:\/\/lucacastelli.com\/de\/wp-json\/wp\/v2\/media\/566728"}],"wp:attachment":[{"href":"https:\/\/lucacastelli.com\/de\/wp-json\/wp\/v2\/media?parent=613707"}],"wp:term":[{"taxonomy":"product_brand","embeddable":true,"href":"https:\/\/lucacastelli.com\/de\/wp-json\/wp\/v2\/product_brand?post=613707"},{"taxonomy":"product_cat","embeddable":true,"href":"https:\/\/lucacastelli.com\/de\/wp-json\/wp\/v2\/product_cat?post=613707"},{"taxonomy":"product_tag","embeddable":true,"href":"https:\/\/lucacastelli.com\/de\/wp-json\/wp\/v2\/product_tag?post=613707"}],"curies":[{"name":"wp","href":"https:\/\/api.w.org\/{rel}","templated":true}]}}