{"id":613702,"date":"2025-08-10T12:26:11","date_gmt":"2025-08-10T10:26:11","guid":{"rendered":"https:\/\/lucacastelli.com\/prodotto\/milwaukee-2%e2%80%b3-m18-fuel-one-key-einfaedler\/"},"modified":"2025-08-10T12:26:11","modified_gmt":"2025-08-10T10:26:11","slug":"milwaukee-2%e2%80%b3-m18-fuel-one-key-einfaedler","status":"publish","type":"product","link":"https:\/\/lucacastelli.com\/de\/produkt\/milwaukee-2%e2%80%b3-m18-fuel-one-key-einfaedler\/","title":{"rendered":"Milwaukee 2\u2033 M18 FUEL ONE-KEY\u2122 Einf\u00e4dler"},"content":{"rendered":"<p>2\u2033 M18 FUEL ONE-KEY\u2122 Gewindeschneider<br \/>\nM18 FPT2-121C \/ GEWINDESCHNEIDER<br \/>\nDer erste 18-V-Akku-Gewindeschneider auf dem Markt f\u00fcr Rohre bis zu 2 Zoll, kompatibel mit den f\u00fchrenden Steckdosen auf dem Markt. Gewindet Rohre von 1\/8 Zoll bis zu 2 Zoll;AUTO-STOP\u2122 System, erkennt Widerstand und sch\u00fctzt vor R\u00fcckschlag, um zus\u00e4tzliche Sicherheit zu bieten;Kompatibel \u00fcber Milwaukee\u00ae Adapterkit mit Ridgid 11-R Steckn\u00fcssen (FPT2AK-RI), Rems Quick Change Steckn\u00fcssen (FPT2AK-RE) und Rothenberger SUPER CUT Steckn\u00fcssen (FPT2AK-RO). Ridgid 12-R Steckschl\u00fcsseleins\u00e4tze k\u00f6nnen direkt ohne Adapter verwendet werden; Drehzahlw\u00e4hler: Drehzahl 1: 0-29 U\/min f\u00fcr 1-1\/4 Zoll &#8211; 2 Zoll, Drehzahl 2: 0-41 U\/min f\u00fcr 1\/8 Zoll &#8211; 1 Zoll. F\u00fcr eine auf die Rohrgr\u00f6\u00dfe optimierte Gewindeschneidqualit\u00e4t;Maximale Autonomie mit einer einzigen Ladung des M18 12,0-Ah-Akkus, mit \u00fcber 25 2-Zoll-Gewinden und \u00fcber 60 1\/2-Zoll-Gewinden;Seitlicher Griff erm\u00f6glicht maximale Kontrolle w\u00e4hrend des Gewindeschneidens;FUEL-Technologie definiert schnurlose Elektrowerkzeuge neu. Der b\u00fcrstenlose Motor, die REDLINK PLUS\u2122-Elektronik und der REDLITHIUM\u2122-Akku bieten \u00fcberragende Leistung und Langlebigkeit;Funktioniert mit allen M18 Milwaukee\u00ae-Akkus    <\/p>\n<p>4933499200<br \/>\n4058546563646<\/p>\n","protected":false},"excerpt":{"rendered":"<p>M18 FPT2-121C \/ GEWINDESCHNEIDMASCHINEN<\/p>\n","protected":false},"featured_media":578074,"template":"","meta":{"_seopress_robots_primary_cat":"","_seopress_titles_title":"","_seopress_titles_desc":"","_seopress_robots_index":""},"product_brand":[3407],"product_cat":[5531,29,514],"product_tag":[3270],"class_list":{"0":"post-613702","1":"product","2":"type-product","3":"status-publish","4":"has-post-thumbnail","6":"product_brand-milwaukee","7":"product_cat-vari-macchinari-milwaukee","8":"product_cat-macchinari","9":"product_cat-altri-dispositivi","10":"product_tag-import-milwau","11":"sws-conto-ricavi-merci-rivendita-macchinari-de","12":"sws-gruppo-iva-iva81-de","14":"first","15":"onbackorder","16":"sale","17":"shipping-taxable","18":"purchasable","19":"product-type-simple"},"_links":{"self":[{"href":"https:\/\/lucacastelli.com\/de\/wp-json\/wp\/v2\/product\/613702","targetHints":{"allow":["GET"]}}],"collection":[{"href":"https:\/\/lucacastelli.com\/de\/wp-json\/wp\/v2\/product"}],"about":[{"href":"https:\/\/lucacastelli.com\/de\/wp-json\/wp\/v2\/types\/product"}],"wp:featuredmedia":[{"embeddable":true,"href":"https:\/\/lucacastelli.com\/de\/wp-json\/wp\/v2\/media\/578074"}],"wp:attachment":[{"href":"https:\/\/lucacastelli.com\/de\/wp-json\/wp\/v2\/media?parent=613702"}],"wp:term":[{"taxonomy":"product_brand","embeddable":true,"href":"https:\/\/lucacastelli.com\/de\/wp-json\/wp\/v2\/product_brand?post=613702"},{"taxonomy":"product_cat","embeddable":true,"href":"https:\/\/lucacastelli.com\/de\/wp-json\/wp\/v2\/product_cat?post=613702"},{"taxonomy":"product_tag","embeddable":true,"href":"https:\/\/lucacastelli.com\/de\/wp-json\/wp\/v2\/product_tag?post=613702"}],"curies":[{"name":"wp","href":"https:\/\/api.w.org\/{rel}","templated":true}]}}