{"id":613700,"date":"2025-08-10T12:26:09","date_gmt":"2025-08-10T10:26:09","guid":{"rendered":"https:\/\/lucacastelli.com\/prodotto\/milwaukee-m18-hydropass-abwassertauchmotorpumpe-2\/"},"modified":"2025-08-10T12:26:09","modified_gmt":"2025-08-10T10:26:09","slug":"milwaukee-m18-hydropass-abwassertauchmotorpumpe-2","status":"publish","type":"product","link":"https:\/\/lucacastelli.com\/de\/produkt\/milwaukee-m18-hydropass-abwassertauchmotorpumpe-2\/","title":{"rendered":"Milwaukee M18 HYDROPASS\u2122 Abwassertauchmotorpumpe"},"content":{"rendered":"<p>M18 HYDROPASS\u2122 Abwassertauchmotorpumpe<br \/>\nM18 BLSWP-801 \/ WASSERPUMPEN<br \/>\nDas einzigartige HYDROPASS\u2122-Filtersystem verhindert ein Verstopfen des Filters und erm\u00f6glicht es dem Benutzer, jederzeit Wasser zu pumpen, unabh\u00e4ngig von Verschmutzungen;Pumpt bis zu 5670 Liter pro Stunde;Kann bis zu 107 cm untergetaucht werden, was ein einfaches Pumpen mit einer F\u00f6rderh\u00f6he von 5 Metern erm\u00f6glicht;Geschlossenes Fach, das die Batterie sch\u00fctzt;11\/4-Zoll-Gewinde f\u00fcr optimalen Wasserdurchfluss;Inklusive Adapter zum Umr\u00fcsten von Au\u00dfen- auf Innengewinde;Inklusive Splitter zum Anschluss von zwei 3\/4-Zoll-Gartenschl\u00e4uchen;Kappe zum Anbringen am Splitter f\u00fcr maximalen Durchfluss;Funktioniert mit allen M18 Milwaukee\u00ae-Akkus<\/p>\n<p>4933498560<br \/>\n4058546524296<\/p>\n","protected":false},"excerpt":{"rendered":"<p>M18 BLSWP-801 \/ WASSERPUMPEN<\/p>\n","protected":false},"featured_media":590507,"template":"","meta":{"_seopress_robots_primary_cat":"","_seopress_titles_title":"","_seopress_titles_desc":"","_seopress_robots_index":""},"product_brand":[3407],"product_cat":[5531,29,514],"product_tag":[3270],"class_list":{"0":"post-613700","1":"product","2":"type-product","3":"status-publish","4":"has-post-thumbnail","6":"product_brand-milwaukee","7":"product_cat-vari-macchinari-milwaukee","8":"product_cat-macchinari","9":"product_cat-altri-dispositivi","10":"product_tag-import-milwau","11":"sws-conto-ricavi-merci-rivendita-macchinari-de","12":"sws-gruppo-iva-iva81-de","14":"first","15":"onbackorder","16":"sale","17":"shipping-taxable","18":"purchasable","19":"product-type-simple"},"_links":{"self":[{"href":"https:\/\/lucacastelli.com\/de\/wp-json\/wp\/v2\/product\/613700","targetHints":{"allow":["GET"]}}],"collection":[{"href":"https:\/\/lucacastelli.com\/de\/wp-json\/wp\/v2\/product"}],"about":[{"href":"https:\/\/lucacastelli.com\/de\/wp-json\/wp\/v2\/types\/product"}],"wp:featuredmedia":[{"embeddable":true,"href":"https:\/\/lucacastelli.com\/de\/wp-json\/wp\/v2\/media\/590507"}],"wp:attachment":[{"href":"https:\/\/lucacastelli.com\/de\/wp-json\/wp\/v2\/media?parent=613700"}],"wp:term":[{"taxonomy":"product_brand","embeddable":true,"href":"https:\/\/lucacastelli.com\/de\/wp-json\/wp\/v2\/product_brand?post=613700"},{"taxonomy":"product_cat","embeddable":true,"href":"https:\/\/lucacastelli.com\/de\/wp-json\/wp\/v2\/product_cat?post=613700"},{"taxonomy":"product_tag","embeddable":true,"href":"https:\/\/lucacastelli.com\/de\/wp-json\/wp\/v2\/product_tag?post=613700"}],"curies":[{"name":"wp","href":"https:\/\/api.w.org\/{rel}","templated":true}]}}