{"id":613697,"date":"2025-08-10T12:26:10","date_gmt":"2025-08-10T10:26:10","guid":{"rendered":"https:\/\/lucacastelli.com\/prodotto\/milwaukee-m18-force-logic-hydraulikpumpe\/"},"modified":"2025-08-10T12:26:10","modified_gmt":"2025-08-10T10:26:10","slug":"milwaukee-m18-force-logic-hydraulikpumpe","status":"publish","type":"product","link":"https:\/\/lucacastelli.com\/de\/produkt\/milwaukee-m18-force-logic-hydraulikpumpe\/","title":{"rendered":"Milwaukee M18 FORCE LOGIC\u2122 Hydraulikpumpe"},"content":{"rendered":"<p>M18 FORCE LOGIC\u2122<br \/>\nM18 HUP700-121 \/ HYDRAULIKPUMPE<br \/>\nKompatibel mit jedem Kopf zum Crimpen, Schneiden oder Stanzen bei 700 bar;Schnellere Anwendungen dank eines gro\u00dfen 1,6 l \u00d6ltanks und einer 2-mal h\u00f6heren Durchflussrate als andere Pumpen;Ausgestattet mit CEJN-Standard 115 Serie, G1\/4-Zoll-Buchsen-Schnellkupplung, um die g\u00e4ngigsten Zubeh\u00f6rteile auf dem Markt zu montieren;Fernsteuerung mit 1.8 m erm\u00f6glicht dem Benutzer die Bedienung aus sicherer Entfernung, mit dem Verl\u00e4ngerungskabel auf bis zu 7 m erweiterbar;Versiegelte Batterieklappe zum Schutz vor Staub und Feuchtigkeit (IP54);Das ONE-KEY\u2122 Tracking &amp; Security System bietet eine kostenlose cloudbasierte Bestandsverfolgung und -verwaltung und verf\u00fcgt au\u00dferdem \u00fcber Funktionen zur Fernsperrung und Anwendungsberichterstattung;Tragegriff f\u00fcr eine gleichm\u00e4\u00dfige Gewichtsverteilung;PFM\u2122(Predictive Force Monitoring) automatisches Kraft\u00fcberwachungssystem, um sofortigen Druck zu gew\u00e4hrleisten und zu liefern;B\u00fcrstenloser Motor, REDLINK PLUS\u2122-Elektronik und REDLITHIUM\u2122-Akkupack bieten \u00fcberragende Leistung und Langlebigkeit;Funktioniert mit allen Milwaukee M18-Akkus;ONE-KEY\u2122-Anpassung: Erstellung detaillierter Berichte \u00fcber die durchgef\u00fchrte Anwendung<\/p>\n<p>4933499335<br \/>\n4058546564995<\/p>\n","protected":false},"excerpt":{"rendered":"<p>M18 HUP700-121 \/ HYDRAULISCHE PUMPE<\/p>\n","protected":false},"featured_media":442604,"template":"","meta":{"_seopress_robots_primary_cat":"","_seopress_titles_title":"","_seopress_titles_desc":"","_seopress_robots_index":""},"product_brand":[3407],"product_cat":[5531,29,514],"product_tag":[3270],"class_list":{"0":"post-613697","1":"product","2":"type-product","3":"status-publish","4":"has-post-thumbnail","6":"product_brand-milwaukee","7":"product_cat-vari-macchinari-milwaukee","8":"product_cat-macchinari","9":"product_cat-altri-dispositivi","10":"product_tag-import-milwau","11":"sws-conto-ricavi-merci-rivendita-macchinari-de","12":"sws-gruppo-iva-iva81-de","14":"first","15":"onbackorder","16":"sale","17":"shipping-taxable","18":"purchasable","19":"product-type-simple"},"_links":{"self":[{"href":"https:\/\/lucacastelli.com\/de\/wp-json\/wp\/v2\/product\/613697","targetHints":{"allow":["GET"]}}],"collection":[{"href":"https:\/\/lucacastelli.com\/de\/wp-json\/wp\/v2\/product"}],"about":[{"href":"https:\/\/lucacastelli.com\/de\/wp-json\/wp\/v2\/types\/product"}],"wp:featuredmedia":[{"embeddable":true,"href":"https:\/\/lucacastelli.com\/de\/wp-json\/wp\/v2\/media\/442604"}],"wp:attachment":[{"href":"https:\/\/lucacastelli.com\/de\/wp-json\/wp\/v2\/media?parent=613697"}],"wp:term":[{"taxonomy":"product_brand","embeddable":true,"href":"https:\/\/lucacastelli.com\/de\/wp-json\/wp\/v2\/product_brand?post=613697"},{"taxonomy":"product_cat","embeddable":true,"href":"https:\/\/lucacastelli.com\/de\/wp-json\/wp\/v2\/product_cat?post=613697"},{"taxonomy":"product_tag","embeddable":true,"href":"https:\/\/lucacastelli.com\/de\/wp-json\/wp\/v2\/product_tag?post=613697"}],"curies":[{"name":"wp","href":"https:\/\/api.w.org\/{rel}","templated":true}]}}