{"id":613689,"date":"2025-08-10T12:26:06","date_gmt":"2025-08-10T10:26:06","guid":{"rendered":"https:\/\/lucacastelli.com\/prodotto\/milwaukee-m18-fuel-gewindeschneidmaschine-1-1-4%cb%9d-mit-one-key-3\/"},"modified":"2026-04-15T12:13:09","modified_gmt":"2026-04-15T10:13:09","slug":"milwaukee-m18-fuel-gewindeschneidmaschine-1-1-4%cb%9d-mit-one-key-3","status":"publish","type":"product","link":"https:\/\/lucacastelli.com\/de\/produkt\/milwaukee-m18-fuel-gewindeschneidmaschine-1-1-4%cb%9d-mit-one-key-3\/","title":{"rendered":"MILWAUKEE M18 FUEL\u2122 Rohrgewindeschneider 1 1\/4\u2033 mit ONE-KEY\u2122"},"content":{"rendered":"<p>M18 FUEL\u2122 Rohrgewindeschneider 1 1\/4\u2033 mit ONE-KEY\u2122<br \/>\nM18 FPT114-802CA \/ GEWINDESCHNEIDER<br \/>\nRohre von 1\/8\u2033 bis 1 1\/4\u2033 k\u00f6nnen gewindegeschnitten werden; Das AUTOSTOP\u2122 Anti-Kickback-System stoppt das Werkzeug bei einem pl\u00f6tzlichen R\u00fcckschlag, um den Anwender zu sch\u00fctzen; Das kompakte Design und das geringe Gewicht erleichtern den Einsatz in engen R\u00e4umen; Kompatibel mit den neuen MILWAUKEE\u00ae FPT114H Schneidk\u00f6pfen und Ridgid 11R Schneidk\u00f6pfen bis zu 1 1\/4\u2033; Bis zu 50 Gewinde an einem 3\/4\u2033-Rohr mit einer M18\u2122 HIGH OUTPUT\u2122 8,0-Ah-Akkuladung; Seitenhandgriff zur Vermeidung von Kontakt mit dem Schneidkopf w\u00e4hrend des Betriebs; Der b\u00fcrstenlose POWERSTATE\u2122-Motor garantiert Leistung unter Last, w\u00e4hrend die REDLINK PLUS\u2122-Elektronik \u00dcberlastschutz f\u00fcr Werkzeug und Akku bietet und die Lebensdauer bei schweren Anwendungen verl\u00e4ngert. Der REDLITHIUM\u2122-Akku sorgt f\u00fcr eine fortschrittliche Konstruktion und konstante Leistung f\u00fcr l\u00e4ngere Laufzeit; Das ONE-KEY\u2122 Tracking &amp; Security-System bietet eine kostenlose cloudbasierte Bestandsverwaltung und Ortung sowie eine Fernsperrfunktion; Kompatibel mit allen M18\u2122-Akkus <\/p>\n<p>4933499199<br \/>\n4058546563639<\/p>\n","protected":false},"excerpt":{"rendered":"<p>M18 FPT114-802CA \/ GEWINDESCHNEIDER<\/p>\n","protected":false},"featured_media":442717,"template":"","meta":{"_seopress_robots_primary_cat":"","_seopress_titles_title":"","_seopress_titles_desc":"","_seopress_robots_index":""},"product_brand":[3407],"product_cat":[5531,29,514],"product_tag":[3270],"class_list":{"0":"post-613689","1":"product","2":"type-product","3":"status-publish","4":"has-post-thumbnail","6":"product_brand-milwaukee","7":"product_cat-vari-macchinari-milwaukee","8":"product_cat-macchinari","9":"product_cat-altri-dispositivi","10":"product_tag-import-milwau","11":"sws-conto-ricavi-merci-rivendita-macchinari-de","12":"sws-gruppo-iva-iva81-de","14":"first","15":"onbackorder","16":"sale","17":"shipping-taxable","18":"purchasable","19":"product-type-simple"},"_links":{"self":[{"href":"https:\/\/lucacastelli.com\/de\/wp-json\/wp\/v2\/product\/613689","targetHints":{"allow":["GET"]}}],"collection":[{"href":"https:\/\/lucacastelli.com\/de\/wp-json\/wp\/v2\/product"}],"about":[{"href":"https:\/\/lucacastelli.com\/de\/wp-json\/wp\/v2\/types\/product"}],"wp:featuredmedia":[{"embeddable":true,"href":"https:\/\/lucacastelli.com\/de\/wp-json\/wp\/v2\/media\/442717"}],"wp:attachment":[{"href":"https:\/\/lucacastelli.com\/de\/wp-json\/wp\/v2\/media?parent=613689"}],"wp:term":[{"taxonomy":"product_brand","embeddable":true,"href":"https:\/\/lucacastelli.com\/de\/wp-json\/wp\/v2\/product_brand?post=613689"},{"taxonomy":"product_cat","embeddable":true,"href":"https:\/\/lucacastelli.com\/de\/wp-json\/wp\/v2\/product_cat?post=613689"},{"taxonomy":"product_tag","embeddable":true,"href":"https:\/\/lucacastelli.com\/de\/wp-json\/wp\/v2\/product_tag?post=613689"}],"curies":[{"name":"wp","href":"https:\/\/api.w.org\/{rel}","templated":true}]}}