{"id":613683,"date":"2025-08-10T12:26:05","date_gmt":"2025-08-10T10:26:05","guid":{"rendered":"https:\/\/lucacastelli.com\/prodotto\/milwaukee-zweistufige-vakuumpumpe-142-l-min-2\/"},"modified":"2025-08-10T12:26:05","modified_gmt":"2025-08-10T10:26:05","slug":"milwaukee-zweistufige-vakuumpumpe-142-l-min-2","status":"publish","type":"product","link":"https:\/\/lucacastelli.com\/de\/produkt\/milwaukee-zweistufige-vakuumpumpe-142-l-min-2\/","title":{"rendered":"Milwaukee Zweistufige Vakuumpumpe 142 l\/min"},"content":{"rendered":"<p>Zweistufige Vakuumpumpe 142 l\/min<br \/>\nM18 FVP5-801 \/ VACUUM PUMPS<br \/>\nBis zu 90 Minuten Autonomie mit einem 8.0 Ah, im &#8220;Kollektor&#8221;-Modus und bis zu 60 Minuten im &#8220;Normal&#8221;-Modus;Leistung wie bei kabelgebundenen Maschinen;Sofortiger Start erm\u00f6glicht sofortiges Vakuum, ohne dass Generatoren oder Steckdosen in der N\u00e4he ben\u00f6tigt werden;1\/2 Zoll, 3\/8 Zoll, 1\/4 Zoll Einl\u00e4sse und ein 5\/16 Zoll Adapter erm\u00f6glichen es, die Pumpe an die meisten Rohrleitungen anzupassen;Selbst mit einer entladenen Batterie h\u00e4lt die Pumpe das Vakuum aufrecht;Das Ventil h\u00e4lt den Unterdruck auch dann aufrecht, wenn die Pumpe nicht l\u00e4uft;Wenn der Akku bald leer ist, gibt die Pumpe ein Ger\u00e4usch ab, das von einem Lichtsignal begleitet wird;Das spezielle Ventil reduziert die Notwendigkeit von \u00d6lwechseln;Es muss kein Trichter verwendet werden, um \u00d6l in die Pumpe zu f\u00fcllen;Kompatibel mit Rohrleitungen, die R32 und R410A Gas enthalten;FUEL Technologie definiert schnurlose Elektrowerkzeuge neu. Der b\u00fcrstenlose Motor, die REDLINK PLUS\u2122-Elektronik und der REDLITHIUM\u2122-Akku sorgen f\u00fcr \u00fcberragende Leistung und Langlebigkeit;Funktioniert mit allen M18 Milwaukee\u00ae-Akkus <\/p>\n<p>4933499248<br \/>\n4058546564124<\/p>\n","protected":false},"excerpt":{"rendered":"<p>M18 FVP5-801 \/ VAKUUMPUMPEN<\/p>\n","protected":false},"featured_media":590516,"template":"","meta":{"_seopress_robots_primary_cat":"","_seopress_titles_title":"","_seopress_titles_desc":"","_seopress_robots_index":""},"product_brand":[3407],"product_cat":[5531,29,514],"product_tag":[3270],"class_list":{"0":"post-613683","1":"product","2":"type-product","3":"status-publish","4":"has-post-thumbnail","6":"product_brand-milwaukee","7":"product_cat-vari-macchinari-milwaukee","8":"product_cat-macchinari","9":"product_cat-altri-dispositivi","10":"product_tag-import-milwau","11":"sws-conto-ricavi-merci-rivendita-macchinari-de","12":"sws-gruppo-iva-iva81-de","14":"first","15":"onbackorder","16":"sale","17":"shipping-taxable","18":"purchasable","19":"product-type-simple"},"_links":{"self":[{"href":"https:\/\/lucacastelli.com\/de\/wp-json\/wp\/v2\/product\/613683","targetHints":{"allow":["GET"]}}],"collection":[{"href":"https:\/\/lucacastelli.com\/de\/wp-json\/wp\/v2\/product"}],"about":[{"href":"https:\/\/lucacastelli.com\/de\/wp-json\/wp\/v2\/types\/product"}],"wp:featuredmedia":[{"embeddable":true,"href":"https:\/\/lucacastelli.com\/de\/wp-json\/wp\/v2\/media\/590516"}],"wp:attachment":[{"href":"https:\/\/lucacastelli.com\/de\/wp-json\/wp\/v2\/media?parent=613683"}],"wp:term":[{"taxonomy":"product_brand","embeddable":true,"href":"https:\/\/lucacastelli.com\/de\/wp-json\/wp\/v2\/product_brand?post=613683"},{"taxonomy":"product_cat","embeddable":true,"href":"https:\/\/lucacastelli.com\/de\/wp-json\/wp\/v2\/product_cat?post=613683"},{"taxonomy":"product_tag","embeddable":true,"href":"https:\/\/lucacastelli.com\/de\/wp-json\/wp\/v2\/product_tag?post=613683"}],"curies":[{"name":"wp","href":"https:\/\/api.w.org\/{rel}","templated":true}]}}