{"id":613679,"date":"2025-08-10T08:52:08","date_gmt":"2025-08-10T06:52:08","guid":{"rendered":"https:\/\/lucacastelli.com\/prodotto\/milwaukee-cambrette-3\/"},"modified":"2025-08-10T08:52:08","modified_gmt":"2025-08-10T06:52:08","slug":"milwaukee-cambrette-3","status":"publish","type":"product","link":"https:\/\/lucacastelli.com\/de\/produkt\/milwaukee-cambrette-3\/","title":{"rendered":"Milwaukee Cambrette"},"content":{"rendered":"<p>STACKED FENCING 9G\/50mm 960 St\u00fcck<br \/>\nCambrette f\u00fcr M18 FFUS. Kompatibilit\u00e4t nur mit dem Milwaukee-Werkzeug;F\u00fcr alle Arten von Z\u00e4unen aus Holz, z.B. Viehzaun, Vierkant-\/Ketten-\/Gewindedraht und hochfester Draht;Feuerverzinkte Beschichtung f\u00fcr hervorragende Korrosionsbest\u00e4ndigkeit;4 mm dick f\u00fcr beste Haltbarkeit im Au\u00dfeneinsatz;Gesch\u00e4rfte und divergierende Spitzen: Die Spitze des Schiebers verdreht sich, wenn er in das Holz getrieben wird, und sorgt so f\u00fcr einen besseren Halt;Rote Klebebeschichtung f\u00fcr erh\u00f6hte Treibf\u00e4higkeit, die die Haltekraft maximiert;Papierbandbindung <\/p>\n<p>4932480360<br \/>\n4058546406455<\/p>\n","protected":false},"excerpt":{"rendered":"<p>STACKED GRAPHETS 9G\/50mm 960 St\u00fcck<\/p>\n","protected":false},"featured_media":548037,"template":"","meta":{"_seopress_robots_primary_cat":"","_seopress_titles_title":"","_seopress_titles_desc":"","_seopress_robots_index":""},"product_brand":[3656],"product_cat":[169,1461,1460],"product_tag":[3272],"class_list":{"0":"post-613679","1":"product","2":"type-product","3":"status-publish","4":"has-post-thumbnail","6":"product_brand-milwaukee-de","7":"product_cat-maschinen","8":"product_cat-nagler","9":"product_cat-zubehor-fur-nagler","10":"product_tag-import-milwau-de","11":"sws-conto-ricavi-merci-rivendita-macchinari-de","12":"sws-gruppo-iva-iva81-de","14":"first","15":"onbackorder","16":"sale","17":"shipping-taxable","18":"purchasable","19":"product-type-simple"},"_links":{"self":[{"href":"https:\/\/lucacastelli.com\/de\/wp-json\/wp\/v2\/product\/613679","targetHints":{"allow":["GET"]}}],"collection":[{"href":"https:\/\/lucacastelli.com\/de\/wp-json\/wp\/v2\/product"}],"about":[{"href":"https:\/\/lucacastelli.com\/de\/wp-json\/wp\/v2\/types\/product"}],"wp:featuredmedia":[{"embeddable":true,"href":"https:\/\/lucacastelli.com\/de\/wp-json\/wp\/v2\/media\/548037"}],"wp:attachment":[{"href":"https:\/\/lucacastelli.com\/de\/wp-json\/wp\/v2\/media?parent=613679"}],"wp:term":[{"taxonomy":"product_brand","embeddable":true,"href":"https:\/\/lucacastelli.com\/de\/wp-json\/wp\/v2\/product_brand?post=613679"},{"taxonomy":"product_cat","embeddable":true,"href":"https:\/\/lucacastelli.com\/de\/wp-json\/wp\/v2\/product_cat?post=613679"},{"taxonomy":"product_tag","embeddable":true,"href":"https:\/\/lucacastelli.com\/de\/wp-json\/wp\/v2\/product_tag?post=613679"}],"curies":[{"name":"wp","href":"https:\/\/api.w.org\/{rel}","templated":true}]}}