{"id":613667,"date":"2025-08-10T08:52:04","date_gmt":"2025-08-10T06:52:04","guid":{"rendered":"https:\/\/lucacastelli.com\/prodotto\/milwaukee-cambrette\/"},"modified":"2025-12-25T13:29:35","modified_gmt":"2025-12-25T12:29:35","slug":"milwaukee-cambrette","status":"publish","type":"product","link":"https:\/\/lucacastelli.com\/de\/produkt\/milwaukee-cambrette\/","title":{"rendered":"Milwaukee Cambrette"},"content":{"rendered":"<p>STACKED FENCING 9G\/40mm 960 St\u00fcck<br \/>\nCambrette f\u00fcr M18 FFUS. Kompatibel nur mit dem Milwaukee-Werkzeug;F\u00fcr alle Arten von Z\u00e4unen aus Holz, z.B. Viehzaun, Vierkant-\/Ketten-\/Gewindedraht und hochfester Draht;Feuerverzinkte Beschichtung f\u00fcr hervorragende Korrosionsbest\u00e4ndigkeit;4 mm dick f\u00fcr beste Haltbarkeit im Au\u00dfeneinsatz;Gesch\u00e4rfte und divergierende Spitzen: die Spitze des Schiebers verdreht sich, wenn er in das Holz getrieben wird, und sorgt so f\u00fcr einen besseren Halt;Rote Klebebeschichtung f\u00fcr erh\u00f6hte Treibf\u00e4higkeit, die die Haltekraft maximiert;Papierbandbindung <\/p>\n<p>4932480358<br \/>\n4058546406431<\/p>\n","protected":false},"excerpt":{"rendered":"<p>STACKED GRAPHETS 9G\/40mm 960 St\u00fcck<\/p>\n","protected":false},"featured_media":548037,"template":"","meta":{"_seopress_robots_primary_cat":"","_seopress_titles_title":"","_seopress_titles_desc":"","_seopress_robots_index":""},"product_brand":[3407],"product_cat":[29,552,553],"product_tag":[3270],"class_list":{"0":"post-613667","1":"product","2":"type-product","3":"status-publish","4":"has-post-thumbnail","6":"product_brand-milwaukee","7":"product_cat-macchinari","8":"product_cat-chiodatrici","9":"product_cat-accessori-per-chiodatrici","10":"product_tag-import-milwau","11":"sws-conto-ricavi-merci-rivendita-macchinari-de","12":"sws-gruppo-iva-iva81-de","14":"first","15":"onbackorder","16":"sale","17":"shipping-taxable","18":"purchasable","19":"product-type-simple"},"_links":{"self":[{"href":"https:\/\/lucacastelli.com\/de\/wp-json\/wp\/v2\/product\/613667","targetHints":{"allow":["GET"]}}],"collection":[{"href":"https:\/\/lucacastelli.com\/de\/wp-json\/wp\/v2\/product"}],"about":[{"href":"https:\/\/lucacastelli.com\/de\/wp-json\/wp\/v2\/types\/product"}],"wp:featuredmedia":[{"embeddable":true,"href":"https:\/\/lucacastelli.com\/de\/wp-json\/wp\/v2\/media\/548037"}],"wp:attachment":[{"href":"https:\/\/lucacastelli.com\/de\/wp-json\/wp\/v2\/media?parent=613667"}],"wp:term":[{"taxonomy":"product_brand","embeddable":true,"href":"https:\/\/lucacastelli.com\/de\/wp-json\/wp\/v2\/product_brand?post=613667"},{"taxonomy":"product_cat","embeddable":true,"href":"https:\/\/lucacastelli.com\/de\/wp-json\/wp\/v2\/product_cat?post=613667"},{"taxonomy":"product_tag","embeddable":true,"href":"https:\/\/lucacastelli.com\/de\/wp-json\/wp\/v2\/product_tag?post=613667"}],"curies":[{"name":"wp","href":"https:\/\/api.w.org\/{rel}","templated":true}]}}