{"id":613649,"date":"2025-08-10T08:36:54","date_gmt":"2025-08-10T06:36:54","guid":{"rendered":"https:\/\/lucacastelli.com\/prodotto\/milwaukee-torx-schluessel-lange-kugelfoermige-spitze-t10\/"},"modified":"2025-08-10T08:36:54","modified_gmt":"2025-08-10T06:36:54","slug":"milwaukee-torx-schluessel-lange-kugelfoermige-spitze-t10","status":"publish","type":"product","link":"https:\/\/lucacastelli.com\/de\/produkt\/milwaukee-torx-schluessel-lange-kugelfoermige-spitze-t10\/","title":{"rendered":"MILWAUKEE TORX-SCHL\u00dcSSEL LANGE KUGELF\u00d6RMIGE SPITZE T10"},"content":{"rendered":"<p>TORX LONG TORX KEY SFERICAL TIP T10<br \/>\nLange Version f\u00fcr besseren Zugang zu schwer zug\u00e4nglichen Stellen;Torx-Kugelende erm\u00f6glicht 25-Grad-Zugang zu jeder Torx-Schraube;Siebdruck auf dem Schl\u00fcssel f\u00fcr schnelle und einfache Identifizierung des Fu\u00dfabdrucks<\/p>\n<p>4932492696<br \/>\n4058546475673<\/p>\n","protected":false},"excerpt":{"rendered":"<p>LANGER TORX-SCHL\u00dcSSEL MIT KUGELF\u00d6RMIGER SPITZE T10<\/p>\n","protected":false},"featured_media":557999,"template":"","meta":{"_seopress_robots_primary_cat":"","_seopress_titles_title":"","_seopress_titles_desc":"","_seopress_robots_index":""},"product_brand":[3407],"product_cat":[5416,33],"product_tag":[3270],"class_list":{"0":"post-613649","1":"product","2":"type-product","3":"status-publish","4":"has-post-thumbnail","6":"product_brand-milwaukee","7":"product_cat-utensili-per-officina","8":"product_cat-attrezzature","9":"product_tag-import-milwau","10":"sws-conto-ricavi-merci-rivendita-macchinari-de","11":"sws-gruppo-iva-iva81-de","13":"first","14":"onbackorder","15":"sale","16":"shipping-taxable","17":"purchasable","18":"product-type-simple"},"_links":{"self":[{"href":"https:\/\/lucacastelli.com\/de\/wp-json\/wp\/v2\/product\/613649","targetHints":{"allow":["GET"]}}],"collection":[{"href":"https:\/\/lucacastelli.com\/de\/wp-json\/wp\/v2\/product"}],"about":[{"href":"https:\/\/lucacastelli.com\/de\/wp-json\/wp\/v2\/types\/product"}],"wp:featuredmedia":[{"embeddable":true,"href":"https:\/\/lucacastelli.com\/de\/wp-json\/wp\/v2\/media\/557999"}],"wp:attachment":[{"href":"https:\/\/lucacastelli.com\/de\/wp-json\/wp\/v2\/media?parent=613649"}],"wp:term":[{"taxonomy":"product_brand","embeddable":true,"href":"https:\/\/lucacastelli.com\/de\/wp-json\/wp\/v2\/product_brand?post=613649"},{"taxonomy":"product_cat","embeddable":true,"href":"https:\/\/lucacastelli.com\/de\/wp-json\/wp\/v2\/product_cat?post=613649"},{"taxonomy":"product_tag","embeddable":true,"href":"https:\/\/lucacastelli.com\/de\/wp-json\/wp\/v2\/product_tag?post=613649"}],"curies":[{"name":"wp","href":"https:\/\/api.w.org\/{rel}","templated":true}]}}