{"id":613640,"date":"2025-08-10T08:36:51","date_gmt":"2025-08-10T06:36:51","guid":{"rendered":"https:\/\/lucacastelli.com\/prodotto\/milwaukee-torx-schluessel-kompat-sphaerische-spitze-t40\/"},"modified":"2025-08-10T08:36:51","modified_gmt":"2025-08-10T06:36:51","slug":"milwaukee-torx-schluessel-kompat-sphaerische-spitze-t40","status":"publish","type":"product","link":"https:\/\/lucacastelli.com\/de\/produkt\/milwaukee-torx-schluessel-kompat-sphaerische-spitze-t40\/","title":{"rendered":"MILWAUKEE TORX-SCHL\u00dcSSEL KOMPAT. SPH\u00c4RISCHE SPITZE T40"},"content":{"rendered":"<p>TORX-SCHL\u00dcSSEL KOMPAT. SPHERICAL T40<br \/>\nKompakte Version f\u00fcr besseren Zugang zu engen R\u00e4umen;Torx-Kugelende erm\u00f6glicht 25 Grad Zugang zu jeder Torx-Schraube;Siebdruck auf dem Schl\u00fcssel f\u00fcr einfache und schnelle Identifizierung des Abdrucks <\/p>\n<p>4932492712<br \/>\n4058546475833<\/p>\n","protected":false},"excerpt":{"rendered":"<p>TORX-SCHL\u00dcSSEL KOMPAT. SPH\u00c4RISCHE SPITZE T40 <\/p>\n","protected":false},"featured_media":558083,"template":"","meta":{"_seopress_robots_primary_cat":"","_seopress_titles_title":"","_seopress_titles_desc":"","_seopress_robots_index":""},"product_brand":[3407],"product_cat":[5416,33],"product_tag":[3270],"class_list":{"0":"post-613640","1":"product","2":"type-product","3":"status-publish","4":"has-post-thumbnail","6":"product_brand-milwaukee","7":"product_cat-utensili-per-officina","8":"product_cat-attrezzature","9":"product_tag-import-milwau","10":"sws-conto-ricavi-merci-rivendita-macchinari-de","11":"sws-gruppo-iva-iva81-de","13":"first","14":"onbackorder","15":"sale","16":"shipping-taxable","17":"purchasable","18":"product-type-simple"},"_links":{"self":[{"href":"https:\/\/lucacastelli.com\/de\/wp-json\/wp\/v2\/product\/613640","targetHints":{"allow":["GET"]}}],"collection":[{"href":"https:\/\/lucacastelli.com\/de\/wp-json\/wp\/v2\/product"}],"about":[{"href":"https:\/\/lucacastelli.com\/de\/wp-json\/wp\/v2\/types\/product"}],"wp:featuredmedia":[{"embeddable":true,"href":"https:\/\/lucacastelli.com\/de\/wp-json\/wp\/v2\/media\/558083"}],"wp:attachment":[{"href":"https:\/\/lucacastelli.com\/de\/wp-json\/wp\/v2\/media?parent=613640"}],"wp:term":[{"taxonomy":"product_brand","embeddable":true,"href":"https:\/\/lucacastelli.com\/de\/wp-json\/wp\/v2\/product_brand?post=613640"},{"taxonomy":"product_cat","embeddable":true,"href":"https:\/\/lucacastelli.com\/de\/wp-json\/wp\/v2\/product_cat?post=613640"},{"taxonomy":"product_tag","embeddable":true,"href":"https:\/\/lucacastelli.com\/de\/wp-json\/wp\/v2\/product_tag?post=613640"}],"curies":[{"name":"wp","href":"https:\/\/api.w.org\/{rel}","templated":true}]}}