{"id":613614,"date":"2025-08-10T08:36:25","date_gmt":"2025-08-10T06:36:25","guid":{"rendered":"https:\/\/lucacastelli.com\/prodotto\/milwaukee-torx-schluessel-kompat-sphaerische-spitze-t10\/"},"modified":"2025-08-10T08:36:25","modified_gmt":"2025-08-10T06:36:25","slug":"milwaukee-torx-schluessel-kompat-sphaerische-spitze-t10","status":"publish","type":"product","link":"https:\/\/lucacastelli.com\/de\/produkt\/milwaukee-torx-schluessel-kompat-sphaerische-spitze-t10\/","title":{"rendered":"MILWAUKEE TORX-SCHL\u00dcSSEL KOMPAT. SPH\u00c4RISCHE SPITZE T10"},"content":{"rendered":"<p>TORX-SCHL\u00dcSSEL KOMPAT. SPH\u00c4RISCHER TORXSCHL\u00dcSSEL T10<br \/>\nKompakte Version f\u00fcr besseren Zugang zu engen Stellen; Torx-Kugelkopf erm\u00f6glicht 25 Grad Zugang zu jeder Torx-Schraube; Siebdruck auf dem Schlitz f\u00fcr schnelle und einfache Identifizierung des Abdrucks <\/p>\n<p>4932492706<br \/>\n4058546475772<\/p>\n","protected":false},"excerpt":{"rendered":"<p>TORX-SCHL\u00dcSSEL KOMPAT. SPH\u00c4RISCHE SPITZE T10 <\/p>\n","protected":false},"featured_media":558057,"template":"","meta":{"_seopress_robots_primary_cat":"","_seopress_titles_title":"","_seopress_titles_desc":"","_seopress_robots_index":""},"product_brand":[3656],"product_cat":[5529,150],"product_tag":[3272],"class_list":{"0":"post-613614","1":"product","2":"type-product","3":"status-publish","4":"has-post-thumbnail","6":"product_brand-milwaukee-de","7":"product_cat-workshop-tools","8":"product_cat-ausrustung","9":"product_tag-import-milwau-de","10":"sws-conto-ricavi-merci-rivendita-macchinari-de","11":"sws-gruppo-iva-iva81-de","13":"first","14":"onbackorder","15":"sale","16":"shipping-taxable","17":"purchasable","18":"product-type-simple"},"_links":{"self":[{"href":"https:\/\/lucacastelli.com\/de\/wp-json\/wp\/v2\/product\/613614","targetHints":{"allow":["GET"]}}],"collection":[{"href":"https:\/\/lucacastelli.com\/de\/wp-json\/wp\/v2\/product"}],"about":[{"href":"https:\/\/lucacastelli.com\/de\/wp-json\/wp\/v2\/types\/product"}],"wp:featuredmedia":[{"embeddable":true,"href":"https:\/\/lucacastelli.com\/de\/wp-json\/wp\/v2\/media\/558057"}],"wp:attachment":[{"href":"https:\/\/lucacastelli.com\/de\/wp-json\/wp\/v2\/media?parent=613614"}],"wp:term":[{"taxonomy":"product_brand","embeddable":true,"href":"https:\/\/lucacastelli.com\/de\/wp-json\/wp\/v2\/product_brand?post=613614"},{"taxonomy":"product_cat","embeddable":true,"href":"https:\/\/lucacastelli.com\/de\/wp-json\/wp\/v2\/product_cat?post=613614"},{"taxonomy":"product_tag","embeddable":true,"href":"https:\/\/lucacastelli.com\/de\/wp-json\/wp\/v2\/product_tag?post=613614"}],"curies":[{"name":"wp","href":"https:\/\/api.w.org\/{rel}","templated":true}]}}