{"id":613612,"date":"2025-08-10T08:36:23","date_gmt":"2025-08-10T06:36:23","guid":{"rendered":"https:\/\/lucacastelli.com\/prodotto\/milwaukee-verstellbarer-rollenschluessel-2\/"},"modified":"2025-08-10T08:36:23","modified_gmt":"2025-08-10T06:36:23","slug":"milwaukee-verstellbarer-rollenschluessel-2","status":"publish","type":"product","link":"https:\/\/lucacastelli.com\/de\/produkt\/milwaukee-verstellbarer-rollenschluessel-2\/","title":{"rendered":"Milwaukee Verstellbarer Rollenschl\u00fcssel"},"content":{"rendered":"<p>SET 3 PZ WRENCHES RUL 150\/200\/250mm<br \/>\nR\u00e4ndelrad f\u00fcr maximale Pr\u00e4zision und Halt. Verchromt f\u00fcr besseren Rostschutz; Ergonomisch geformter Griff. Abgerundet f\u00fcr maximalen Komfort bei der Anwendung.;D\u00fcnner Kopf f\u00fcr das Erreichen enger Stellen.;Parallele Backen.;Lasergedruckte Zoll\/mm f\u00fcr maximale Pr\u00e4zision.;Code 48227508 Backen\u00f6ffnung bis zu 38 mm f\u00fcr besseres \u00d6ffnen auch in engen R\u00e4umen.;Spezialloch f\u00fcr Schn\u00fcrsenkel.<\/p>\n<p>4932493414<br \/>\n4058546482855<\/p>\n","protected":false},"excerpt":{"rendered":"<p>SET 3 PZ RUL WRENCHES 150\/200\/250mm<\/p>\n","protected":false},"featured_media":562339,"template":"","meta":{"_seopress_robots_primary_cat":"","_seopress_titles_title":"","_seopress_titles_desc":"","_seopress_robots_index":""},"product_brand":[3656],"product_cat":[150,5529],"product_tag":[3272],"class_list":{"0":"post-613612","1":"product","2":"type-product","3":"status-publish","4":"has-post-thumbnail","6":"product_brand-milwaukee-de","7":"product_cat-ausrustung","8":"product_cat-workshop-tools","9":"product_tag-import-milwau-de","10":"sws-conto-ricavi-merci-rivendita-macchinari-de","11":"sws-gruppo-iva-iva81-de","13":"first","14":"onbackorder","15":"sale","16":"shipping-taxable","17":"purchasable","18":"product-type-simple"},"_links":{"self":[{"href":"https:\/\/lucacastelli.com\/de\/wp-json\/wp\/v2\/product\/613612","targetHints":{"allow":["GET"]}}],"collection":[{"href":"https:\/\/lucacastelli.com\/de\/wp-json\/wp\/v2\/product"}],"about":[{"href":"https:\/\/lucacastelli.com\/de\/wp-json\/wp\/v2\/types\/product"}],"wp:featuredmedia":[{"embeddable":true,"href":"https:\/\/lucacastelli.com\/de\/wp-json\/wp\/v2\/media\/562339"}],"wp:attachment":[{"href":"https:\/\/lucacastelli.com\/de\/wp-json\/wp\/v2\/media?parent=613612"}],"wp:term":[{"taxonomy":"product_brand","embeddable":true,"href":"https:\/\/lucacastelli.com\/de\/wp-json\/wp\/v2\/product_brand?post=613612"},{"taxonomy":"product_cat","embeddable":true,"href":"https:\/\/lucacastelli.com\/de\/wp-json\/wp\/v2\/product_cat?post=613612"},{"taxonomy":"product_tag","embeddable":true,"href":"https:\/\/lucacastelli.com\/de\/wp-json\/wp\/v2\/product_tag?post=613612"}],"curies":[{"name":"wp","href":"https:\/\/api.w.org\/{rel}","templated":true}]}}