{"id":613607,"date":"2025-08-10T08:36:22","date_gmt":"2025-08-10T06:36:22","guid":{"rendered":"https:\/\/lucacastelli.com\/prodotto\/milwaukee-verstellbarer-rollenschluessel\/"},"modified":"2025-08-10T08:36:22","modified_gmt":"2025-08-10T06:36:22","slug":"milwaukee-verstellbarer-rollenschluessel","status":"publish","type":"product","link":"https:\/\/lucacastelli.com\/de\/produkt\/milwaukee-verstellbarer-rollenschluessel\/","title":{"rendered":"Milwaukee Verstellbarer Rollenschl\u00fcssel"},"content":{"rendered":"<p>Verstellbarer Rollgabelschl\u00fcssel<br \/>\nVerstellbarer Rollgabelschl\u00fcssel 380mm<br \/>\nR\u00e4ndelrad f\u00fcr maximale Pr\u00e4zision und Griffigkeit. Verchromt f\u00fcr besseren Rostschutz; Ergonomisches Griffdesign. Abgerundet f\u00fcr maximalen Komfort bei der Anwendung;Schlankes Kopfdesign f\u00fcr das Erreichen enger Bereiche;Parallele Backen;Lasergedruckte Zoll\/mm f\u00fcr maximale Pr\u00e4zision;Spezielles Schn\u00fcrloch  <\/p>\n<p>4932499516<br \/>\n4058546566807<\/p>\n","protected":false},"excerpt":{"rendered":"<p>Verstellbarer Schraubenschl\u00fcssel 380mm<\/p>\n","protected":false},"featured_media":483584,"template":"","meta":{"_seopress_robots_primary_cat":"","_seopress_titles_title":"","_seopress_titles_desc":"","_seopress_robots_index":""},"product_brand":[3656],"product_cat":[150,5529],"product_tag":[3272],"class_list":{"0":"post-613607","1":"product","2":"type-product","3":"status-publish","4":"has-post-thumbnail","6":"product_brand-milwaukee-de","7":"product_cat-ausrustung","8":"product_cat-workshop-tools","9":"product_tag-import-milwau-de","10":"sws-conto-ricavi-merci-rivendita-macchinari-de","11":"sws-gruppo-iva-iva81-de","13":"first","14":"onbackorder","15":"sale","16":"shipping-taxable","17":"purchasable","18":"product-type-simple"},"_links":{"self":[{"href":"https:\/\/lucacastelli.com\/de\/wp-json\/wp\/v2\/product\/613607","targetHints":{"allow":["GET"]}}],"collection":[{"href":"https:\/\/lucacastelli.com\/de\/wp-json\/wp\/v2\/product"}],"about":[{"href":"https:\/\/lucacastelli.com\/de\/wp-json\/wp\/v2\/types\/product"}],"wp:featuredmedia":[{"embeddable":true,"href":"https:\/\/lucacastelli.com\/de\/wp-json\/wp\/v2\/media\/483584"}],"wp:attachment":[{"href":"https:\/\/lucacastelli.com\/de\/wp-json\/wp\/v2\/media?parent=613607"}],"wp:term":[{"taxonomy":"product_brand","embeddable":true,"href":"https:\/\/lucacastelli.com\/de\/wp-json\/wp\/v2\/product_brand?post=613607"},{"taxonomy":"product_cat","embeddable":true,"href":"https:\/\/lucacastelli.com\/de\/wp-json\/wp\/v2\/product_cat?post=613607"},{"taxonomy":"product_tag","embeddable":true,"href":"https:\/\/lucacastelli.com\/de\/wp-json\/wp\/v2\/product_tag?post=613607"}],"curies":[{"name":"wp","href":"https:\/\/api.w.org\/{rel}","templated":true}]}}