{"id":613604,"date":"2025-08-09T20:07:36","date_gmt":"2025-08-09T18:07:36","guid":{"rendered":"https:\/\/lucacastelli.com\/prodotto\/milwaukee-holz-und-kunststoff-3\/"},"modified":"2025-08-09T20:07:36","modified_gmt":"2025-08-09T18:07:36","slug":"milwaukee-holz-und-kunststoff-3","status":"publish","type":"product","link":"https:\/\/lucacastelli.com\/de\/produkt\/milwaukee-holz-und-kunststoff-3\/","title":{"rendered":"Milwaukee Holz und Kunststoff."},"content":{"rendered":"<p>SD Blade Length mm\/Pitch 150\/6 2pcs<br \/>\n3 mal sch\u00e4rfer f\u00fcr h\u00f6here Geschwindigkeit und pr\u00e4zisere Schnitte;Die Z\u00e4hne sind verst\u00e4rkt und dreifach gesch\u00e4rft f\u00fcr einen superscharfen Schnitt;Die 1,6 mm dicke Klinge ist biegefest und reduziert Vibrationen. <\/p>\n<p>4932493509<br \/>\n4058546483807<\/p>\n","protected":false},"excerpt":{"rendered":"<p>SD BLADE L\u00e4nge mm\/Teilung 150\/6 2Stk. <\/p>\n","protected":false},"featured_media":431741,"template":"","meta":{"_seopress_robots_primary_cat":"","_seopress_titles_title":"","_seopress_titles_desc":"","_seopress_robots_index":""},"product_brand":[3407],"product_cat":[5416,33],"product_tag":[3270],"class_list":{"0":"post-613604","1":"product","2":"type-product","3":"status-publish","4":"has-post-thumbnail","6":"product_brand-milwaukee","7":"product_cat-utensili-per-officina","8":"product_cat-attrezzature","9":"product_tag-import-milwau","10":"sws-conto-ricavi-merci-rivendita-macchinari-de","11":"sws-gruppo-iva-iva81-de","13":"first","14":"onbackorder","15":"sale","16":"shipping-taxable","17":"purchasable","18":"product-type-simple"},"_links":{"self":[{"href":"https:\/\/lucacastelli.com\/de\/wp-json\/wp\/v2\/product\/613604","targetHints":{"allow":["GET"]}}],"collection":[{"href":"https:\/\/lucacastelli.com\/de\/wp-json\/wp\/v2\/product"}],"about":[{"href":"https:\/\/lucacastelli.com\/de\/wp-json\/wp\/v2\/types\/product"}],"wp:featuredmedia":[{"embeddable":true,"href":"https:\/\/lucacastelli.com\/de\/wp-json\/wp\/v2\/media\/431741"}],"wp:attachment":[{"href":"https:\/\/lucacastelli.com\/de\/wp-json\/wp\/v2\/media?parent=613604"}],"wp:term":[{"taxonomy":"product_brand","embeddable":true,"href":"https:\/\/lucacastelli.com\/de\/wp-json\/wp\/v2\/product_brand?post=613604"},{"taxonomy":"product_cat","embeddable":true,"href":"https:\/\/lucacastelli.com\/de\/wp-json\/wp\/v2\/product_cat?post=613604"},{"taxonomy":"product_tag","embeddable":true,"href":"https:\/\/lucacastelli.com\/de\/wp-json\/wp\/v2\/product_tag?post=613604"}],"curies":[{"name":"wp","href":"https:\/\/api.w.org\/{rel}","templated":true}]}}