{"id":613593,"date":"2025-08-09T20:07:34","date_gmt":"2025-08-09T18:07:34","guid":{"rendered":"https:\/\/lucacastelli.com\/prodotto\/milwaukee-holz-und-kunststoff\/"},"modified":"2025-08-09T20:07:34","modified_gmt":"2025-08-09T18:07:34","slug":"milwaukee-holz-und-kunststoff","status":"publish","type":"product","link":"https:\/\/lucacastelli.com\/de\/produkt\/milwaukee-holz-und-kunststoff\/","title":{"rendered":"Milwaukee Holz und Kunststoff."},"content":{"rendered":"<p>SD Blade Length mm\/Pitch 275\/6 2pcs<br \/>\n3 mal sch\u00e4rfer f\u00fcr h\u00f6here Geschwindigkeit und pr\u00e4zisere Schnitte; Z\u00e4hne sind verst\u00e4rkt und dreifach gesch\u00e4rft f\u00fcr einen super sauberen Schnitt; 1,6 mm dicke Klinge widersteht dem Verbiegen und reduziert Vibrationen <\/p>\n<p>4932471693<br \/>\n4058546295929<\/p>\n","protected":false},"excerpt":{"rendered":"<p>SD BLADE L\u00e4nge mm\/Teilung 275\/6 2Stk. <\/p>\n","protected":false},"featured_media":600395,"template":"","meta":{"_seopress_robots_primary_cat":"","_seopress_titles_title":"","_seopress_titles_desc":"","_seopress_robots_index":""},"product_brand":[3407],"product_cat":[5416,33],"product_tag":[3270],"class_list":{"0":"post-613593","1":"product","2":"type-product","3":"status-publish","4":"has-post-thumbnail","6":"product_brand-milwaukee","7":"product_cat-utensili-per-officina","8":"product_cat-attrezzature","9":"product_tag-import-milwau","10":"sws-conto-ricavi-merci-rivendita-macchinari-de","11":"sws-gruppo-iva-iva81-de","13":"first","14":"onbackorder","15":"sale","16":"shipping-taxable","17":"purchasable","18":"product-type-simple"},"_links":{"self":[{"href":"https:\/\/lucacastelli.com\/de\/wp-json\/wp\/v2\/product\/613593","targetHints":{"allow":["GET"]}}],"collection":[{"href":"https:\/\/lucacastelli.com\/de\/wp-json\/wp\/v2\/product"}],"about":[{"href":"https:\/\/lucacastelli.com\/de\/wp-json\/wp\/v2\/types\/product"}],"wp:featuredmedia":[{"embeddable":true,"href":"https:\/\/lucacastelli.com\/de\/wp-json\/wp\/v2\/media\/600395"}],"wp:attachment":[{"href":"https:\/\/lucacastelli.com\/de\/wp-json\/wp\/v2\/media?parent=613593"}],"wp:term":[{"taxonomy":"product_brand","embeddable":true,"href":"https:\/\/lucacastelli.com\/de\/wp-json\/wp\/v2\/product_brand?post=613593"},{"taxonomy":"product_cat","embeddable":true,"href":"https:\/\/lucacastelli.com\/de\/wp-json\/wp\/v2\/product_cat?post=613593"},{"taxonomy":"product_tag","embeddable":true,"href":"https:\/\/lucacastelli.com\/de\/wp-json\/wp\/v2\/product_tag?post=613593"}],"curies":[{"name":"wp","href":"https:\/\/api.w.org\/{rel}","templated":true}]}}