{"id":613580,"date":"2025-08-09T19:57:41","date_gmt":"2025-08-09T17:57:41","guid":{"rendered":"https:\/\/lucacastelli.com\/prodotto\/milwaukee-holzhammer-mit-glasfaserstiel-2\/"},"modified":"2025-08-09T19:57:41","modified_gmt":"2025-08-09T17:57:41","slug":"milwaukee-holzhammer-mit-glasfaserstiel-2","status":"publish","type":"product","link":"https:\/\/lucacastelli.com\/de\/produkt\/milwaukee-holzhammer-mit-glasfaserstiel-2\/","title":{"rendered":"Milwaukee Holzhammer mit Glasfaserstiel"},"content":{"rendered":"<p>1.13 KG\/2.5LBS Fiberglas-Schlittenhammer<br \/>\nLanger Stiel f\u00fcr kontrollierte Schl\u00e4ge und zus\u00e4tzliche Kraft;Verst\u00e4rkter Schutz erh\u00f6ht die Festigkeit an der gr\u00f6\u00dften Verschlei\u00dfstelle;Fiberglaskern f\u00fcr lange Lebensdauer und hohe Schlagkraft;Gummibeschichteter Stiel f\u00fcr ein angenehmes Gef\u00fchl und reduzierte Vibrationen;Loch zur einfachen Befestigung an einem Milwaukee-Befestigungselement bei \u00dcberkopfarbeiten.<\/p>\n<p>4932498305<br \/>\n4058546521745<\/p>\n","protected":false},"excerpt":{"rendered":"<p>1.13 KG\/2.5LBS Fiberglass Schlittenhammer<\/p>\n","protected":false},"featured_media":567093,"template":"","meta":{"_seopress_robots_primary_cat":"","_seopress_titles_title":"","_seopress_titles_desc":"","_seopress_robots_index":""},"product_brand":[3407],"product_cat":[5416,33],"product_tag":[3270],"class_list":{"0":"post-613580","1":"product","2":"type-product","3":"status-publish","4":"has-post-thumbnail","6":"product_brand-milwaukee","7":"product_cat-utensili-per-officina","8":"product_cat-attrezzature","9":"product_tag-import-milwau","10":"sws-conto-ricavi-merci-rivendita-macchinari-de","11":"sws-gruppo-iva-iva81-de","13":"first","14":"onbackorder","15":"sale","16":"shipping-taxable","17":"purchasable","18":"product-type-simple"},"_links":{"self":[{"href":"https:\/\/lucacastelli.com\/de\/wp-json\/wp\/v2\/product\/613580","targetHints":{"allow":["GET"]}}],"collection":[{"href":"https:\/\/lucacastelli.com\/de\/wp-json\/wp\/v2\/product"}],"about":[{"href":"https:\/\/lucacastelli.com\/de\/wp-json\/wp\/v2\/types\/product"}],"wp:featuredmedia":[{"embeddable":true,"href":"https:\/\/lucacastelli.com\/de\/wp-json\/wp\/v2\/media\/567093"}],"wp:attachment":[{"href":"https:\/\/lucacastelli.com\/de\/wp-json\/wp\/v2\/media?parent=613580"}],"wp:term":[{"taxonomy":"product_brand","embeddable":true,"href":"https:\/\/lucacastelli.com\/de\/wp-json\/wp\/v2\/product_brand?post=613580"},{"taxonomy":"product_cat","embeddable":true,"href":"https:\/\/lucacastelli.com\/de\/wp-json\/wp\/v2\/product_cat?post=613580"},{"taxonomy":"product_tag","embeddable":true,"href":"https:\/\/lucacastelli.com\/de\/wp-json\/wp\/v2\/product_tag?post=613580"}],"curies":[{"name":"wp","href":"https:\/\/api.w.org\/{rel}","templated":true}]}}