{"id":613577,"date":"2025-08-09T20:01:43","date_gmt":"2025-08-09T18:01:43","guid":{"rendered":"https:\/\/lucacastelli.com\/prodotto\/milwaukee-stahlhammer-mit-gerader-klaue\/"},"modified":"2025-08-09T20:01:43","modified_gmt":"2025-08-09T18:01:43","slug":"milwaukee-stahlhammer-mit-gerader-klaue","status":"publish","type":"product","link":"https:\/\/lucacastelli.com\/de\/produkt\/milwaukee-stahlhammer-mit-gerader-klaue\/","title":{"rendered":"Milwaukee Stahlhammer mit gerader Klaue"},"content":{"rendered":"<p>Stahl RIP Klauenhammer 16oz \/ 450g<br \/>\nSHOCKSHIELD\u2122 sto\u00dfd\u00e4mpfender Griff zur Verringerung von Spitzenvibrationen; gerade Klaue f\u00fcr Abbruch- und Entfernungsarbeiten; magnetische Nagelhalterung f\u00fcr maximale Sicherheit; seitlicher Nagelextraktor; I-Beam-Form des Griffs widersteht dem Verbiegen bei Entfernungsarbeiten; perfekte Balance<\/p>\n<p>4932478653<br \/>\n4058546348465<\/p>\n","protected":false},"excerpt":{"rendered":"<p>Stahl RIP Klauenhammer 16oz \/ 450g<\/p>\n","protected":false},"featured_media":541427,"template":"","meta":{"_seopress_robots_primary_cat":"","_seopress_titles_title":"","_seopress_titles_desc":"","_seopress_robots_index":""},"product_brand":[3407],"product_cat":[5416,33],"product_tag":[3270],"class_list":{"0":"post-613577","1":"product","2":"type-product","3":"status-publish","4":"has-post-thumbnail","6":"product_brand-milwaukee","7":"product_cat-utensili-per-officina","8":"product_cat-attrezzature","9":"product_tag-import-milwau","10":"sws-conto-ricavi-merci-rivendita-macchinari-de","11":"sws-gruppo-iva-iva81-de","13":"first","14":"onbackorder","15":"sale","16":"shipping-taxable","17":"purchasable","18":"product-type-simple"},"_links":{"self":[{"href":"https:\/\/lucacastelli.com\/de\/wp-json\/wp\/v2\/product\/613577","targetHints":{"allow":["GET"]}}],"collection":[{"href":"https:\/\/lucacastelli.com\/de\/wp-json\/wp\/v2\/product"}],"about":[{"href":"https:\/\/lucacastelli.com\/de\/wp-json\/wp\/v2\/types\/product"}],"wp:featuredmedia":[{"embeddable":true,"href":"https:\/\/lucacastelli.com\/de\/wp-json\/wp\/v2\/media\/541427"}],"wp:attachment":[{"href":"https:\/\/lucacastelli.com\/de\/wp-json\/wp\/v2\/media?parent=613577"}],"wp:term":[{"taxonomy":"product_brand","embeddable":true,"href":"https:\/\/lucacastelli.com\/de\/wp-json\/wp\/v2\/product_brand?post=613577"},{"taxonomy":"product_cat","embeddable":true,"href":"https:\/\/lucacastelli.com\/de\/wp-json\/wp\/v2\/product_cat?post=613577"},{"taxonomy":"product_tag","embeddable":true,"href":"https:\/\/lucacastelli.com\/de\/wp-json\/wp\/v2\/product_tag?post=613577"}],"curies":[{"name":"wp","href":"https:\/\/api.w.org\/{rel}","templated":true}]}}