{"id":613575,"date":"2025-08-09T19:57:40","date_gmt":"2025-08-09T17:57:40","guid":{"rendered":"https:\/\/lucacastelli.com\/prodotto\/milwaukee-holzhammer-mit-glasfaserstiel\/"},"modified":"2025-08-09T19:57:40","modified_gmt":"2025-08-09T17:57:40","slug":"milwaukee-holzhammer-mit-glasfaserstiel","status":"publish","type":"product","link":"https:\/\/lucacastelli.com\/de\/produkt\/milwaukee-holzhammer-mit-glasfaserstiel\/","title":{"rendered":"Milwaukee Holzhammer mit Glasfaserstiel"},"content":{"rendered":"<p>1.81KG \/4LBS Fiberglas-Schlittenhammer<br \/>\nLanger Stiel f\u00fcr kontrollierte Schl\u00e4ge und zus\u00e4tzliche Kraft; Verst\u00e4rkter Schutz erh\u00f6ht die Festigkeit an der gr\u00f6\u00dften Verschlei\u00dfstelle; Fiberglaskern f\u00fcr lange Lebensdauer und hohe Schlagkraft; Gummibeschichteter Stiel f\u00fcr ein angenehmes Gef\u00fchl und reduzierte Vibration; Loch zur einfachen Befestigung an einem Milwaukee-Befestigungselement bei \u00dcberkopfarbeiten.<\/p>\n<p>4932498307<\/p>\n","protected":false},"excerpt":{"rendered":"<p>1.81KG \/4LBS Fiberglass Schlittenhammer<\/p>\n","protected":false},"featured_media":567127,"template":"","meta":{"_seopress_robots_primary_cat":"","_seopress_titles_title":"","_seopress_titles_desc":"","_seopress_robots_index":""},"product_brand":[3656],"product_cat":[5529,150],"product_tag":[3272],"class_list":{"0":"post-613575","1":"product","2":"type-product","3":"status-publish","4":"has-post-thumbnail","6":"product_brand-milwaukee-de","7":"product_cat-workshop-tools","8":"product_cat-ausrustung","9":"product_tag-import-milwau-de","10":"sws-conto-ricavi-merci-rivendita-macchinari-de","11":"sws-gruppo-iva-iva81-de","13":"first","14":"onbackorder","15":"sale","16":"shipping-taxable","17":"purchasable","18":"product-type-simple"},"_links":{"self":[{"href":"https:\/\/lucacastelli.com\/de\/wp-json\/wp\/v2\/product\/613575","targetHints":{"allow":["GET"]}}],"collection":[{"href":"https:\/\/lucacastelli.com\/de\/wp-json\/wp\/v2\/product"}],"about":[{"href":"https:\/\/lucacastelli.com\/de\/wp-json\/wp\/v2\/types\/product"}],"wp:featuredmedia":[{"embeddable":true,"href":"https:\/\/lucacastelli.com\/de\/wp-json\/wp\/v2\/media\/567127"}],"wp:attachment":[{"href":"https:\/\/lucacastelli.com\/de\/wp-json\/wp\/v2\/media?parent=613575"}],"wp:term":[{"taxonomy":"product_brand","embeddable":true,"href":"https:\/\/lucacastelli.com\/de\/wp-json\/wp\/v2\/product_brand?post=613575"},{"taxonomy":"product_cat","embeddable":true,"href":"https:\/\/lucacastelli.com\/de\/wp-json\/wp\/v2\/product_cat?post=613575"},{"taxonomy":"product_tag","embeddable":true,"href":"https:\/\/lucacastelli.com\/de\/wp-json\/wp\/v2\/product_tag?post=613575"}],"curies":[{"name":"wp","href":"https:\/\/api.w.org\/{rel}","templated":true}]}}