{"id":613562,"date":"2025-08-09T19:57:38","date_gmt":"2025-08-09T17:57:38","guid":{"rendered":"https:\/\/lucacastelli.com\/prodotto\/milwaukee-doppelkopfschlaeger-mit-glasfaserstiel\/"},"modified":"2025-08-09T19:57:38","modified_gmt":"2025-08-09T17:57:38","slug":"milwaukee-doppelkopfschlaeger-mit-glasfaserstiel","status":"publish","type":"product","link":"https:\/\/lucacastelli.com\/de\/produkt\/milwaukee-doppelkopfschlaeger-mit-glasfaserstiel\/","title":{"rendered":"Milwaukee Doppelkopfschl\u00e4ger mit Glasfaserstiel"},"content":{"rendered":"<p>1.81 KG \/4LBS Cross-Peen Hammer<br \/>\nL\u00e4ngerer Stiel f\u00fcr kontrollierte Schl\u00e4ge und zus\u00e4tzliche Kraft;Verst\u00e4rkter Schutz erh\u00f6ht die Festigkeit an der gr\u00f6\u00dften Verschlei\u00dfstelle;Glasfaserkern f\u00fcr lange Lebensdauer;Gummibeschichteter Stiel f\u00fcr hohen Benutzerkomfort und angenehmes Gef\u00fchl;Loch zur einfachen Befestigung an einem Milwaukee-Befestigungselement bei \u00dcberkopfarbeiten.<\/p>\n<p>4932498308<\/p>\n","protected":false},"excerpt":{"rendered":"<p>1.81 KG \/4LBS Kreuzspitzhammer<\/p>\n","protected":false},"featured_media":567132,"template":"","meta":{"_seopress_robots_primary_cat":"","_seopress_titles_title":"","_seopress_titles_desc":"","_seopress_robots_index":""},"product_brand":[3656],"product_cat":[150,5529],"product_tag":[3272],"class_list":{"0":"post-613562","1":"product","2":"type-product","3":"status-publish","4":"has-post-thumbnail","6":"product_brand-milwaukee-de","7":"product_cat-ausrustung","8":"product_cat-workshop-tools","9":"product_tag-import-milwau-de","10":"sws-conto-ricavi-merci-rivendita-macchinari-de","11":"sws-gruppo-iva-iva81-de","13":"first","14":"onbackorder","15":"sale","16":"shipping-taxable","17":"purchasable","18":"product-type-simple"},"_links":{"self":[{"href":"https:\/\/lucacastelli.com\/de\/wp-json\/wp\/v2\/product\/613562","targetHints":{"allow":["GET"]}}],"collection":[{"href":"https:\/\/lucacastelli.com\/de\/wp-json\/wp\/v2\/product"}],"about":[{"href":"https:\/\/lucacastelli.com\/de\/wp-json\/wp\/v2\/types\/product"}],"wp:featuredmedia":[{"embeddable":true,"href":"https:\/\/lucacastelli.com\/de\/wp-json\/wp\/v2\/media\/567132"}],"wp:attachment":[{"href":"https:\/\/lucacastelli.com\/de\/wp-json\/wp\/v2\/media?parent=613562"}],"wp:term":[{"taxonomy":"product_brand","embeddable":true,"href":"https:\/\/lucacastelli.com\/de\/wp-json\/wp\/v2\/product_brand?post=613562"},{"taxonomy":"product_cat","embeddable":true,"href":"https:\/\/lucacastelli.com\/de\/wp-json\/wp\/v2\/product_cat?post=613562"},{"taxonomy":"product_tag","embeddable":true,"href":"https:\/\/lucacastelli.com\/de\/wp-json\/wp\/v2\/product_tag?post=613562"}],"curies":[{"name":"wp","href":"https:\/\/api.w.org\/{rel}","templated":true}]}}