{"id":613560,"date":"2025-08-09T19:57:36","date_gmt":"2025-08-09T17:57:36","guid":{"rendered":"https:\/\/lucacastelli.com\/prodotto\/milwaukee-doppelseitiger-schlegel\/"},"modified":"2025-08-09T19:57:36","modified_gmt":"2025-08-09T17:57:36","slug":"milwaukee-doppelseitiger-schlegel","status":"publish","type":"product","link":"https:\/\/lucacastelli.com\/de\/produkt\/milwaukee-doppelseitiger-schlegel\/","title":{"rendered":"Milwaukee Doppelseitiger Schlegel"},"content":{"rendered":"<p>0.91 KG \/ 2 LBS Keulenhammer<br \/>\nVielseitigkeit durch die doppelte Schlagfl\u00e4che: gefr\u00e4ste Schlagfl\u00e4che f\u00fcr maximalen Grip bei Handmei\u00dfeln oder gro\u00dfen N\u00e4geln, glatte Schlagfl\u00e4che, um Besch\u00e4digungen der betroffenen Oberfl\u00e4chen zu vermeiden; \u00dcberspannungsschutz zur Erh\u00f6hung der Langlebigkeit; Fiberglasgriff mit umspritztem Griff f\u00fcr mehr Grip und Komfort; Absturzsicherung zur Einhaltung der Sicherheitsvorschriften bei Arbeiten in der H\u00f6he<\/p>\n<p>4932498304 4058546521738<\/p>\n","protected":false},"excerpt":{"rendered":"<p>0,91 KG \/ 2 LBS Keulenhammer<\/p>\n","protected":false},"featured_media":567076,"template":"","meta":{"_seopress_robots_primary_cat":"","_seopress_titles_title":"","_seopress_titles_desc":"","_seopress_robots_index":""},"product_brand":[3656],"product_cat":[150,5529],"product_tag":[3272],"class_list":{"0":"post-613560","1":"product","2":"type-product","3":"status-publish","4":"has-post-thumbnail","6":"product_brand-milwaukee-de","7":"product_cat-ausrustung","8":"product_cat-workshop-tools","9":"product_tag-import-milwau-de","10":"sws-conto-ricavi-merci-rivendita-macchinari-de","11":"sws-gruppo-iva-iva81-de","13":"first","14":"onbackorder","15":"sale","16":"shipping-taxable","17":"purchasable","18":"product-type-simple"},"_links":{"self":[{"href":"https:\/\/lucacastelli.com\/de\/wp-json\/wp\/v2\/product\/613560","targetHints":{"allow":["GET"]}}],"collection":[{"href":"https:\/\/lucacastelli.com\/de\/wp-json\/wp\/v2\/product"}],"about":[{"href":"https:\/\/lucacastelli.com\/de\/wp-json\/wp\/v2\/types\/product"}],"wp:featuredmedia":[{"embeddable":true,"href":"https:\/\/lucacastelli.com\/de\/wp-json\/wp\/v2\/media\/567076"}],"wp:attachment":[{"href":"https:\/\/lucacastelli.com\/de\/wp-json\/wp\/v2\/media?parent=613560"}],"wp:term":[{"taxonomy":"product_brand","embeddable":true,"href":"https:\/\/lucacastelli.com\/de\/wp-json\/wp\/v2\/product_brand?post=613560"},{"taxonomy":"product_cat","embeddable":true,"href":"https:\/\/lucacastelli.com\/de\/wp-json\/wp\/v2\/product_cat?post=613560"},{"taxonomy":"product_tag","embeddable":true,"href":"https:\/\/lucacastelli.com\/de\/wp-json\/wp\/v2\/product_tag?post=613560"}],"curies":[{"name":"wp","href":"https:\/\/api.w.org\/{rel}","templated":true}]}}