{"id":613554,"date":"2025-08-09T19:57:35","date_gmt":"2025-08-09T17:57:35","guid":{"rendered":"https:\/\/lucacastelli.com\/prodotto\/milwaukee-mini-cutter\/"},"modified":"2025-08-09T19:57:35","modified_gmt":"2025-08-09T17:57:35","slug":"milwaukee-mini-cutter","status":"publish","type":"product","link":"https:\/\/lucacastelli.com\/de\/produkt\/milwaukee-mini-cutter\/","title":{"rendered":"Milwaukee Mini-Cutter"},"content":{"rendered":"<p>Mini-Drahtschneider<br \/>\nMINI TRONCHESE<br \/>\nEntwickelt f\u00fcr den Einsatz auf engstem Raum;Geh\u00e4rtete Schneiden f\u00fcr pr\u00e4zise, gleichm\u00e4\u00dfige Schnitte bei d\u00fcnnen Dr\u00e4hten und Kabelbindern;Gefedertes Design f\u00fcr maximale Effizienz und geringere Erm\u00fcdung der Hand bei der Verwendung des Werkzeugs;Rostschutz f\u00fcr gr\u00f6\u00dfere Korrosionsbest\u00e4ndigkeit;Ergonomischer Griff f\u00fcr mehr Komfort<\/p>\n<p>4932499024<br \/>\n4058546528935<\/p>\n","protected":false},"excerpt":{"rendered":"<p>MINI TRONCHESE<\/p>\n","protected":false},"featured_media":592363,"template":"","meta":{"_seopress_robots_primary_cat":"","_seopress_titles_title":"","_seopress_titles_desc":"","_seopress_robots_index":""},"product_brand":[3656],"product_cat":[150,5529],"product_tag":[3272],"class_list":{"0":"post-613554","1":"product","2":"type-product","3":"status-publish","4":"has-post-thumbnail","6":"product_brand-milwaukee-de","7":"product_cat-ausrustung","8":"product_cat-workshop-tools","9":"product_tag-import-milwau-de","10":"sws-conto-ricavi-merci-rivendita-macchinari-de","11":"sws-gruppo-iva-iva81-de","13":"first","14":"onbackorder","15":"sale","16":"shipping-taxable","17":"purchasable","18":"product-type-simple"},"_links":{"self":[{"href":"https:\/\/lucacastelli.com\/de\/wp-json\/wp\/v2\/product\/613554","targetHints":{"allow":["GET"]}}],"collection":[{"href":"https:\/\/lucacastelli.com\/de\/wp-json\/wp\/v2\/product"}],"about":[{"href":"https:\/\/lucacastelli.com\/de\/wp-json\/wp\/v2\/types\/product"}],"wp:featuredmedia":[{"embeddable":true,"href":"https:\/\/lucacastelli.com\/de\/wp-json\/wp\/v2\/media\/592363"}],"wp:attachment":[{"href":"https:\/\/lucacastelli.com\/de\/wp-json\/wp\/v2\/media?parent=613554"}],"wp:term":[{"taxonomy":"product_brand","embeddable":true,"href":"https:\/\/lucacastelli.com\/de\/wp-json\/wp\/v2\/product_brand?post=613554"},{"taxonomy":"product_cat","embeddable":true,"href":"https:\/\/lucacastelli.com\/de\/wp-json\/wp\/v2\/product_cat?post=613554"},{"taxonomy":"product_tag","embeddable":true,"href":"https:\/\/lucacastelli.com\/de\/wp-json\/wp\/v2\/product_tag?post=613554"}],"curies":[{"name":"wp","href":"https:\/\/api.w.org\/{rel}","templated":true}]}}