{"id":613523,"date":"2025-08-09T19:56:54","date_gmt":"2025-08-09T17:56:54","guid":{"rendered":"https:\/\/lucacastelli.com\/prodotto\/milwaukee-leere-softmodule-fuer-trolleys-4\/"},"modified":"2025-08-09T19:56:54","modified_gmt":"2025-08-09T17:56:54","slug":"milwaukee-leere-softmodule-fuer-trolleys-4","status":"publish","type":"product","link":"https:\/\/lucacastelli.com\/de\/produkt\/milwaukee-leere-softmodule-fuer-trolleys-4\/","title":{"rendered":"Milwaukee Leere Softmodule f\u00fcr Trolleys"},"content":{"rendered":"<p>LEERES MODUL-SET KREIS UND KOMPASS 1\/2<br \/>\nHochwertige, langlebige Schaumstoffeins\u00e4tze f\u00fcr die ordentliche Platzierung von Werkzeugen in den Schubladen des Wagens.;Laservorgestanzt f\u00fcr eine pr\u00e4zise Werkzeugplatzierung.<\/p>\n<p>4932493664<br \/>\n4058546485351<\/p>\n","protected":false},"excerpt":{"rendered":"<p>LEERMODUL BUCHSE UND STECKSCHL\u00dcSSELSATZ 1\/2<\/p>\n","protected":false},"featured_media":563214,"template":"","meta":{"_seopress_robots_primary_cat":"","_seopress_titles_title":"","_seopress_titles_desc":"","_seopress_robots_index":""},"product_brand":[3407],"product_cat":[5416,33],"product_tag":[3270],"class_list":{"0":"post-613523","1":"product","2":"type-product","3":"status-publish","4":"has-post-thumbnail","6":"product_brand-milwaukee","7":"product_cat-utensili-per-officina","8":"product_cat-attrezzature","9":"product_tag-import-milwau","10":"sws-conto-ricavi-merci-rivendita-macchinari-de","11":"sws-gruppo-iva-iva81-de","13":"first","14":"onbackorder","15":"sale","16":"shipping-taxable","17":"purchasable","18":"product-type-simple"},"_links":{"self":[{"href":"https:\/\/lucacastelli.com\/de\/wp-json\/wp\/v2\/product\/613523","targetHints":{"allow":["GET"]}}],"collection":[{"href":"https:\/\/lucacastelli.com\/de\/wp-json\/wp\/v2\/product"}],"about":[{"href":"https:\/\/lucacastelli.com\/de\/wp-json\/wp\/v2\/types\/product"}],"wp:featuredmedia":[{"embeddable":true,"href":"https:\/\/lucacastelli.com\/de\/wp-json\/wp\/v2\/media\/563214"}],"wp:attachment":[{"href":"https:\/\/lucacastelli.com\/de\/wp-json\/wp\/v2\/media?parent=613523"}],"wp:term":[{"taxonomy":"product_brand","embeddable":true,"href":"https:\/\/lucacastelli.com\/de\/wp-json\/wp\/v2\/product_brand?post=613523"},{"taxonomy":"product_cat","embeddable":true,"href":"https:\/\/lucacastelli.com\/de\/wp-json\/wp\/v2\/product_cat?post=613523"},{"taxonomy":"product_tag","embeddable":true,"href":"https:\/\/lucacastelli.com\/de\/wp-json\/wp\/v2\/product_tag?post=613523"}],"curies":[{"name":"wp","href":"https:\/\/api.w.org\/{rel}","templated":true}]}}