{"id":613502,"date":"2025-08-09T19:56:49","date_gmt":"2025-08-09T17:56:49","guid":{"rendered":"https:\/\/lucacastelli.com\/prodotto\/milwaukee-edelstahlklammern-fuer-tragbare-schraubstoecke\/"},"modified":"2025-08-09T19:56:49","modified_gmt":"2025-08-09T17:56:49","slug":"milwaukee-edelstahlklammern-fuer-tragbare-schraubstoecke","status":"publish","type":"product","link":"https:\/\/lucacastelli.com\/de\/produkt\/milwaukee-edelstahlklammern-fuer-tragbare-schraubstoecke\/","title":{"rendered":"Milwaukee Edelstahlklammern f\u00fcr tragbare Schraubst\u00f6cke"},"content":{"rendered":"<p>Milwaukee Rohrst\u00e4nder-Fleck. Stahlbacken<br \/>\nSatz Schutzbacken aus Edelstahl f\u00fcr Milwaukee\u00ae MPS Rohrst\u00e4nder <\/p>\n<p>4932478925<br \/>\n4058546362072<\/p>\n","protected":false},"excerpt":{"rendered":"<p>Milwaukee Rohrst\u00e4nder Stain. Stahlbacken <\/p>\n","protected":false},"featured_media":550713,"template":"","meta":{"_seopress_robots_primary_cat":"","_seopress_titles_title":"","_seopress_titles_desc":"","_seopress_robots_index":""},"product_brand":[3656],"product_cat":[5529,150],"product_tag":[3272],"class_list":{"0":"post-613502","1":"product","2":"type-product","3":"status-publish","4":"has-post-thumbnail","6":"product_brand-milwaukee-de","7":"product_cat-workshop-tools","8":"product_cat-ausrustung","9":"product_tag-import-milwau-de","10":"sws-conto-ricavi-merci-rivendita-macchinari-de","11":"sws-gruppo-iva-iva81-de","13":"first","14":"onbackorder","15":"sale","16":"shipping-taxable","17":"purchasable","18":"product-type-simple"},"_links":{"self":[{"href":"https:\/\/lucacastelli.com\/de\/wp-json\/wp\/v2\/product\/613502","targetHints":{"allow":["GET"]}}],"collection":[{"href":"https:\/\/lucacastelli.com\/de\/wp-json\/wp\/v2\/product"}],"about":[{"href":"https:\/\/lucacastelli.com\/de\/wp-json\/wp\/v2\/types\/product"}],"wp:featuredmedia":[{"embeddable":true,"href":"https:\/\/lucacastelli.com\/de\/wp-json\/wp\/v2\/media\/550713"}],"wp:attachment":[{"href":"https:\/\/lucacastelli.com\/de\/wp-json\/wp\/v2\/media?parent=613502"}],"wp:term":[{"taxonomy":"product_brand","embeddable":true,"href":"https:\/\/lucacastelli.com\/de\/wp-json\/wp\/v2\/product_brand?post=613502"},{"taxonomy":"product_cat","embeddable":true,"href":"https:\/\/lucacastelli.com\/de\/wp-json\/wp\/v2\/product_cat?post=613502"},{"taxonomy":"product_tag","embeddable":true,"href":"https:\/\/lucacastelli.com\/de\/wp-json\/wp\/v2\/product_tag?post=613502"}],"curies":[{"name":"wp","href":"https:\/\/api.w.org\/{rel}","templated":true}]}}