{"id":613498,"date":"2025-08-09T19:53:12","date_gmt":"2025-08-09T17:53:12","guid":{"rendered":"https:\/\/lucacastelli.com\/prodotto\/milwaukee-gewebe-schleifbaender-330-x-10-und-457-x-13-mm-4\/"},"modified":"2025-08-09T19:53:12","modified_gmt":"2025-08-09T17:53:12","slug":"milwaukee-gewebe-schleifbaender-330-x-10-und-457-x-13-mm-4","status":"publish","type":"product","link":"https:\/\/lucacastelli.com\/de\/produkt\/milwaukee-gewebe-schleifbaender-330-x-10-und-457-x-13-mm-4\/","title":{"rendered":"Milwaukee Gewebe-Schleifb\u00e4nder 330 x 10 und 457 x 13 mm"},"content":{"rendered":"<p>ABR TAPE 10x330MM MEDIUM &#8211; 5pcs<br \/>\nB\u00e4nder aus Nylonvlies mit Schleifk\u00f6rnern zur Oberfl\u00e4chenbearbeitung ohne Besch\u00e4digung oder Entfernung des Grundmaterials, zum Schleifen, Entgraten, Mattieren und Finishen auf allen Metallen (auch Edelstahl)<\/p>\n<p>4932492878<br \/>\n4058546477493<\/p>\n","protected":false},"excerpt":{"rendered":"<p>ABR TAPE 10x330MM MEDIUM &#8211; 5Stk.<\/p>\n","protected":false},"featured_media":558764,"template":"","meta":{"_seopress_robots_primary_cat":"","_seopress_titles_title":"","_seopress_titles_desc":"","_seopress_robots_index":""},"product_brand":[3407],"product_cat":[5416,33],"product_tag":[3270],"class_list":{"0":"post-613498","1":"product","2":"type-product","3":"status-publish","4":"has-post-thumbnail","6":"product_brand-milwaukee","7":"product_cat-utensili-per-officina","8":"product_cat-attrezzature","9":"product_tag-import-milwau","10":"sws-conto-ricavi-merci-rivendita-macchinari-de","11":"sws-gruppo-iva-iva81-de","13":"first","14":"onbackorder","15":"sale","16":"shipping-taxable","17":"purchasable","18":"product-type-simple"},"_links":{"self":[{"href":"https:\/\/lucacastelli.com\/de\/wp-json\/wp\/v2\/product\/613498","targetHints":{"allow":["GET"]}}],"collection":[{"href":"https:\/\/lucacastelli.com\/de\/wp-json\/wp\/v2\/product"}],"about":[{"href":"https:\/\/lucacastelli.com\/de\/wp-json\/wp\/v2\/types\/product"}],"wp:featuredmedia":[{"embeddable":true,"href":"https:\/\/lucacastelli.com\/de\/wp-json\/wp\/v2\/media\/558764"}],"wp:attachment":[{"href":"https:\/\/lucacastelli.com\/de\/wp-json\/wp\/v2\/media?parent=613498"}],"wp:term":[{"taxonomy":"product_brand","embeddable":true,"href":"https:\/\/lucacastelli.com\/de\/wp-json\/wp\/v2\/product_brand?post=613498"},{"taxonomy":"product_cat","embeddable":true,"href":"https:\/\/lucacastelli.com\/de\/wp-json\/wp\/v2\/product_cat?post=613498"},{"taxonomy":"product_tag","embeddable":true,"href":"https:\/\/lucacastelli.com\/de\/wp-json\/wp\/v2\/product_tag?post=613498"}],"curies":[{"name":"wp","href":"https:\/\/api.w.org\/{rel}","templated":true}]}}