{"id":613495,"date":"2025-08-10T12:27:28","date_gmt":"2025-08-10T10:27:28","guid":{"rendered":"https:\/\/lucacastelli.com\/prodotto\/milwaukee-polierer-1450w-2\/"},"modified":"2025-08-10T12:27:28","modified_gmt":"2025-08-10T10:27:28","slug":"milwaukee-polierer-1450w-2","status":"publish","type":"product","link":"https:\/\/lucacastelli.com\/de\/produkt\/milwaukee-polierer-1450w-2\/","title":{"rendered":"Milwaukee Polierer 1450W"},"content":{"rendered":"<p>Polierer 1450W<br \/>\nAP14-2200EKIT\/LEVERS<br \/>\nLeistungsstarker 1450 W Motor f\u00fcr optimale Polierleistung;Hohes Drehmoment f\u00fcr konstante Drehzahl auch unter Last;Variabler Drehzahlw\u00e4hler von 490 &#8211; 2100 U\/min f\u00fcr verschiedene Anwendungen;7 Geschwindigkeiten;Thermischer Schutz gegen \u00dcberhitzung;Spezieller Frontgriff f\u00fcr bequemen Halt;Wellenverriegelungstaste in gesch\u00fctzter Position;Schalter abschlie\u00dfbar;Flexibler St\u00fctzteller mit Klettverschluss;6 m PUR-Kabel<\/p>\n<p>4933493427<br \/>\n4058546482985<\/p>\n","protected":false},"excerpt":{"rendered":"<p>AP14-2200EKIT\/SANDERS<\/p>\n","protected":false},"featured_media":569743,"template":"","meta":{"_seopress_robots_primary_cat":"","_seopress_titles_title":"","_seopress_titles_desc":"","_seopress_robots_index":""},"product_brand":[3407],"product_cat":[5531,29,514],"product_tag":[3270],"class_list":{"0":"post-613495","1":"product","2":"type-product","3":"status-publish","4":"has-post-thumbnail","6":"product_brand-milwaukee","7":"product_cat-vari-macchinari-milwaukee","8":"product_cat-macchinari","9":"product_cat-altri-dispositivi","10":"product_tag-import-milwau","11":"sws-conto-ricavi-merci-rivendita-macchinari-de","12":"sws-gruppo-iva-iva81-de","14":"first","15":"onbackorder","16":"sale","17":"shipping-taxable","18":"purchasable","19":"product-type-simple"},"_links":{"self":[{"href":"https:\/\/lucacastelli.com\/de\/wp-json\/wp\/v2\/product\/613495","targetHints":{"allow":["GET"]}}],"collection":[{"href":"https:\/\/lucacastelli.com\/de\/wp-json\/wp\/v2\/product"}],"about":[{"href":"https:\/\/lucacastelli.com\/de\/wp-json\/wp\/v2\/types\/product"}],"wp:featuredmedia":[{"embeddable":true,"href":"https:\/\/lucacastelli.com\/de\/wp-json\/wp\/v2\/media\/569743"}],"wp:attachment":[{"href":"https:\/\/lucacastelli.com\/de\/wp-json\/wp\/v2\/media?parent=613495"}],"wp:term":[{"taxonomy":"product_brand","embeddable":true,"href":"https:\/\/lucacastelli.com\/de\/wp-json\/wp\/v2\/product_brand?post=613495"},{"taxonomy":"product_cat","embeddable":true,"href":"https:\/\/lucacastelli.com\/de\/wp-json\/wp\/v2\/product_cat?post=613495"},{"taxonomy":"product_tag","embeddable":true,"href":"https:\/\/lucacastelli.com\/de\/wp-json\/wp\/v2\/product_tag?post=613495"}],"curies":[{"name":"wp","href":"https:\/\/api.w.org\/{rel}","templated":true}]}}