{"id":613488,"date":"2025-08-10T12:27:25","date_gmt":"2025-08-10T10:27:25","guid":{"rendered":"https:\/\/lucacastelli.com\/prodotto\/milwaukee-j18-acr-%e2%85%9e%e2%80%b3\/"},"modified":"2025-08-10T12:27:25","modified_gmt":"2025-08-10T10:27:25","slug":"milwaukee-j18-acr-%e2%85%9e%e2%80%b3","status":"publish","type":"product","link":"https:\/\/lucacastelli.com\/de\/produkt\/milwaukee-j18-acr-%e2%85%9e%e2%80%b3\/","title":{"rendered":"MILWAUKEE J18-ACR \u215e\u2033"},"content":{"rendered":"<p>J18-ACR \u215e\u2033<br \/>\nPressbacke Sanha Streamline ACR -7\/8<br \/>\nFORCE LOGIC\u2122 Backen werden hergestellt, um die h\u00f6chsten Standards f\u00fcr Pressqualit\u00e4t und Haftung in der Branche zu erreichen;Diese Backen wurden so entwickelt, dass sie sich leicht mit einem Daumen \u00f6ffnen lassen und in Kombination mit der FORCE LOGIC\u2122 Pressbacke und M12\u2122 ein einh\u00e4ndiges Verpressen erm\u00f6glichen; Die Backen erm\u00f6glichen hochwertige Pressverbindungen mit allen g\u00e4ngigen Fittingmarken<\/p>\n<p>4932500106<br \/>\n4058546572709<\/p>\n","protected":false},"excerpt":{"rendered":"<p>Pressbacke Sanha Streamline ACR -7\/8<\/p>\n","protected":false},"featured_media":600597,"template":"","meta":{"_seopress_robots_primary_cat":"","_seopress_titles_title":"","_seopress_titles_desc":"","_seopress_robots_index":""},"product_brand":[3407],"product_cat":[5531,29,514],"product_tag":[3270],"class_list":{"0":"post-613488","1":"product","2":"type-product","3":"status-publish","4":"has-post-thumbnail","6":"product_brand-milwaukee","7":"product_cat-vari-macchinari-milwaukee","8":"product_cat-macchinari","9":"product_cat-altri-dispositivi","10":"product_tag-import-milwau","11":"sws-conto-ricavi-merci-rivendita-macchinari-de","12":"sws-gruppo-iva-iva81-de","14":"first","15":"onbackorder","16":"sale","17":"shipping-taxable","18":"purchasable","19":"product-type-simple"},"_links":{"self":[{"href":"https:\/\/lucacastelli.com\/de\/wp-json\/wp\/v2\/product\/613488","targetHints":{"allow":["GET"]}}],"collection":[{"href":"https:\/\/lucacastelli.com\/de\/wp-json\/wp\/v2\/product"}],"about":[{"href":"https:\/\/lucacastelli.com\/de\/wp-json\/wp\/v2\/types\/product"}],"wp:featuredmedia":[{"embeddable":true,"href":"https:\/\/lucacastelli.com\/de\/wp-json\/wp\/v2\/media\/600597"}],"wp:attachment":[{"href":"https:\/\/lucacastelli.com\/de\/wp-json\/wp\/v2\/media?parent=613488"}],"wp:term":[{"taxonomy":"product_brand","embeddable":true,"href":"https:\/\/lucacastelli.com\/de\/wp-json\/wp\/v2\/product_brand?post=613488"},{"taxonomy":"product_cat","embeddable":true,"href":"https:\/\/lucacastelli.com\/de\/wp-json\/wp\/v2\/product_cat?post=613488"},{"taxonomy":"product_tag","embeddable":true,"href":"https:\/\/lucacastelli.com\/de\/wp-json\/wp\/v2\/product_tag?post=613488"}],"curies":[{"name":"wp","href":"https:\/\/api.w.org\/{rel}","templated":true}]}}