{"id":613474,"date":"2025-08-10T12:27:22","date_gmt":"2025-08-10T10:27:22","guid":{"rendered":"https:\/\/lucacastelli.com\/prodotto\/milwaukee-prj12-18-v35\/"},"modified":"2025-08-10T12:27:22","modified_gmt":"2025-08-10T10:27:22","slug":"milwaukee-prj12-18-v35","status":"publish","type":"product","link":"https:\/\/lucacastelli.com\/de\/produkt\/milwaukee-prj12-18-v35\/","title":{"rendered":"MILWAUKEE PRJ12\/18-V35"},"content":{"rendered":"<p>PRJ12\/18-V35<br \/>\nDrehbare Ringbacke V -35mm<br \/>\nFORCE LOGIC\u2122 Backen werden hergestellt, um die h\u00f6chsten Standards f\u00fcr Pressqualit\u00e4t und Haftung in der Branche zu erreichen;Diese Backen wurden so entwickelt, dass sie sich leicht mit einem Daumen \u00f6ffnen lassen und in Kombination mit den FORCE LOGIC\u2122 M12\u2122 und M12\u2122 Pressmaschinen ein einh\u00e4ndiges Verpressen erm\u00f6glichen; Die Backen erm\u00f6glichen hochwertige Pressverbindungen mit allen g\u00e4ngigen Fittingmarken<\/p>\n<p>4932500092<br \/>\n4058546572563<\/p>\n","protected":false},"excerpt":{"rendered":"<p>Drehbarer Ring Backe V -35mm<\/p>\n","protected":false},"featured_media":600315,"template":"","meta":{"_seopress_robots_primary_cat":"","_seopress_titles_title":"","_seopress_titles_desc":"","_seopress_robots_index":""},"product_brand":[3407],"product_cat":[5531,29,514],"product_tag":[3270],"class_list":{"0":"post-613474","1":"product","2":"type-product","3":"status-publish","4":"has-post-thumbnail","6":"product_brand-milwaukee","7":"product_cat-vari-macchinari-milwaukee","8":"product_cat-macchinari","9":"product_cat-altri-dispositivi","10":"product_tag-import-milwau","11":"sws-conto-ricavi-merci-rivendita-macchinari-de","12":"sws-gruppo-iva-iva81-de","14":"first","15":"onbackorder","16":"sale","17":"shipping-taxable","18":"purchasable","19":"product-type-simple"},"_links":{"self":[{"href":"https:\/\/lucacastelli.com\/de\/wp-json\/wp\/v2\/product\/613474","targetHints":{"allow":["GET"]}}],"collection":[{"href":"https:\/\/lucacastelli.com\/de\/wp-json\/wp\/v2\/product"}],"about":[{"href":"https:\/\/lucacastelli.com\/de\/wp-json\/wp\/v2\/types\/product"}],"wp:featuredmedia":[{"embeddable":true,"href":"https:\/\/lucacastelli.com\/de\/wp-json\/wp\/v2\/media\/600315"}],"wp:attachment":[{"href":"https:\/\/lucacastelli.com\/de\/wp-json\/wp\/v2\/media?parent=613474"}],"wp:term":[{"taxonomy":"product_brand","embeddable":true,"href":"https:\/\/lucacastelli.com\/de\/wp-json\/wp\/v2\/product_brand?post=613474"},{"taxonomy":"product_cat","embeddable":true,"href":"https:\/\/lucacastelli.com\/de\/wp-json\/wp\/v2\/product_cat?post=613474"},{"taxonomy":"product_tag","embeddable":true,"href":"https:\/\/lucacastelli.com\/de\/wp-json\/wp\/v2\/product_tag?post=613474"}],"curies":[{"name":"wp","href":"https:\/\/api.w.org\/{rel}","templated":true}]}}