{"id":613469,"date":"2025-08-10T12:27:21","date_gmt":"2025-08-10T10:27:21","guid":{"rendered":"https:\/\/lucacastelli.com\/prodotto\/milwaukee-j12-acr-%c2%bd%e2%80%b3\/"},"modified":"2025-08-10T12:27:21","modified_gmt":"2025-08-10T10:27:21","slug":"milwaukee-j12-acr-%c2%bd%e2%80%b3","status":"publish","type":"product","link":"https:\/\/lucacastelli.com\/de\/produkt\/milwaukee-j12-acr-%c2%bd%e2%80%b3\/","title":{"rendered":"MILWAUKEE J12-ACR \u00bd\u2033"},"content":{"rendered":"<p>J12-ACR \u00bd\u2033<br \/>\nPressbacke Sanha Streamline ACR -1\/2<br \/>\nFORCE LOGIC\u2122 Backen werden hergestellt, um die h\u00f6chsten Standards f\u00fcr Pressqualit\u00e4t und Haftung in der Branche zu erreichen;Diese Backen wurden so entwickelt, dass sie sich leicht mit einem Daumen \u00f6ffnen lassen und in Kombination mit den FORCE LOGIC\u2122 M12\u2122 und M12\u2122 Pressbacken ein einh\u00e4ndiges Verpressen erm\u00f6glichen; Die Backen erm\u00f6glichen hochwertige Pressverbindungen mit allen g\u00e4ngigen Fittingmarken<\/p>\n<p>4932500097<br \/>\n4058546572617<\/p>\n","protected":false},"excerpt":{"rendered":"<p>Pressbacke Sanha Streamline ACR -1\/2<\/p>\n","protected":false},"featured_media":600625,"template":"","meta":{"_seopress_robots_primary_cat":"","_seopress_titles_title":"","_seopress_titles_desc":"","_seopress_robots_index":""},"product_brand":[3407],"product_cat":[5531,29,514],"product_tag":[3270],"class_list":{"0":"post-613469","1":"product","2":"type-product","3":"status-publish","4":"has-post-thumbnail","6":"product_brand-milwaukee","7":"product_cat-vari-macchinari-milwaukee","8":"product_cat-macchinari","9":"product_cat-altri-dispositivi","10":"product_tag-import-milwau","11":"sws-conto-ricavi-merci-rivendita-macchinari-de","12":"sws-gruppo-iva-iva81-de","14":"first","15":"onbackorder","16":"sale","17":"shipping-taxable","18":"purchasable","19":"product-type-simple"},"_links":{"self":[{"href":"https:\/\/lucacastelli.com\/de\/wp-json\/wp\/v2\/product\/613469","targetHints":{"allow":["GET"]}}],"collection":[{"href":"https:\/\/lucacastelli.com\/de\/wp-json\/wp\/v2\/product"}],"about":[{"href":"https:\/\/lucacastelli.com\/de\/wp-json\/wp\/v2\/types\/product"}],"wp:featuredmedia":[{"embeddable":true,"href":"https:\/\/lucacastelli.com\/de\/wp-json\/wp\/v2\/media\/600625"}],"wp:attachment":[{"href":"https:\/\/lucacastelli.com\/de\/wp-json\/wp\/v2\/media?parent=613469"}],"wp:term":[{"taxonomy":"product_brand","embeddable":true,"href":"https:\/\/lucacastelli.com\/de\/wp-json\/wp\/v2\/product_brand?post=613469"},{"taxonomy":"product_cat","embeddable":true,"href":"https:\/\/lucacastelli.com\/de\/wp-json\/wp\/v2\/product_cat?post=613469"},{"taxonomy":"product_tag","embeddable":true,"href":"https:\/\/lucacastelli.com\/de\/wp-json\/wp\/v2\/product_tag?post=613469"}],"curies":[{"name":"wp","href":"https:\/\/api.w.org\/{rel}","templated":true}]}}