{"id":613436,"date":"2025-08-10T12:27:09","date_gmt":"2025-08-10T10:27:09","guid":{"rendered":"https:\/\/lucacastelli.com\/prodotto\/milwaukee-prj12-18-v15\/"},"modified":"2025-08-10T12:27:09","modified_gmt":"2025-08-10T10:27:09","slug":"milwaukee-prj12-18-v15","status":"publish","type":"product","link":"https:\/\/lucacastelli.com\/de\/produkt\/milwaukee-prj12-18-v15\/","title":{"rendered":"MILWAUKEE PRJ12\/18-V15"},"content":{"rendered":"<p>PRJ12\/18-V15<br \/>\nDrehbare Ringbacke V -15mm<br \/>\nFORCE LOGIC\u2122 Backen werden hergestellt, um die h\u00f6chsten Standards f\u00fcr Pressqualit\u00e4t und Haftung in der Branche zu erreichen;Diese Backen wurden so entwickelt, dass sie sich leicht mit einem Daumen \u00f6ffnen lassen und in Kombination mit den FORCE LOGIC\u2122 M12\u2122 und M12\u2122 Pressmaschinen ein einh\u00e4ndiges Verpressen erm\u00f6glichen; Die Backen erm\u00f6glichen hochwertige Pressverbindungen mit allen g\u00e4ngigen Fittingmarken<\/p>\n<p>4932500088<br \/>\n4058546572525<\/p>\n","protected":false},"excerpt":{"rendered":"<p>Drehbarer Ring Backe V -15mm<\/p>\n","protected":false},"featured_media":600637,"template":"","meta":{"_seopress_robots_primary_cat":"","_seopress_titles_title":"","_seopress_titles_desc":"","_seopress_robots_index":""},"product_brand":[3656],"product_cat":[1454,169,5534],"product_tag":[3272],"class_list":{"0":"post-613436","1":"product","2":"type-product","3":"status-publish","4":"has-post-thumbnail","6":"product_brand-milwaukee-de","7":"product_cat-andere-gerate","8":"product_cat-maschinen","9":"product_cat-verschiedene-maschinen-von-milwaukee","10":"product_tag-import-milwau-de","11":"sws-conto-ricavi-merci-rivendita-macchinari-de","12":"sws-gruppo-iva-iva81-de","14":"first","15":"onbackorder","16":"sale","17":"shipping-taxable","18":"purchasable","19":"product-type-simple"},"_links":{"self":[{"href":"https:\/\/lucacastelli.com\/de\/wp-json\/wp\/v2\/product\/613436","targetHints":{"allow":["GET"]}}],"collection":[{"href":"https:\/\/lucacastelli.com\/de\/wp-json\/wp\/v2\/product"}],"about":[{"href":"https:\/\/lucacastelli.com\/de\/wp-json\/wp\/v2\/types\/product"}],"wp:featuredmedia":[{"embeddable":true,"href":"https:\/\/lucacastelli.com\/de\/wp-json\/wp\/v2\/media\/600637"}],"wp:attachment":[{"href":"https:\/\/lucacastelli.com\/de\/wp-json\/wp\/v2\/media?parent=613436"}],"wp:term":[{"taxonomy":"product_brand","embeddable":true,"href":"https:\/\/lucacastelli.com\/de\/wp-json\/wp\/v2\/product_brand?post=613436"},{"taxonomy":"product_cat","embeddable":true,"href":"https:\/\/lucacastelli.com\/de\/wp-json\/wp\/v2\/product_cat?post=613436"},{"taxonomy":"product_tag","embeddable":true,"href":"https:\/\/lucacastelli.com\/de\/wp-json\/wp\/v2\/product_tag?post=613436"}],"curies":[{"name":"wp","href":"https:\/\/api.w.org\/{rel}","templated":true}]}}