{"id":613420,"date":"2025-08-10T12:26:21","date_gmt":"2025-08-10T10:26:21","guid":{"rendered":"https:\/\/lucacastelli.com\/prodotto\/milwaukee-m18onepp2-0x-powerpack-teile\/"},"modified":"2025-11-26T10:58:14","modified_gmt":"2025-11-26T09:58:14","slug":"milwaukee-m18onepp2-0x-powerpack-teile","status":"publish","type":"product","link":"https:\/\/lucacastelli.com\/de\/produkt\/milwaukee-m18onepp2-0x-powerpack-teile\/","title":{"rendered":"MILWAUKEE M18ONEPP2-0X POWERPACK TEILE"},"content":{"rendered":"<p>M18ONEPP2Y-0X POWERPACK TEILE<br \/>\nM18ONEFHIWF34 3\/4 Zoll Akku-Schlagschrauber;M18 FUEL Schlagschrauber mit ONE-KEY\u2122 Technologie, der 1627 Nm Drehmoment in einer kompakten Gr\u00f6\u00dfe (nur 213 mm lang) liefert;4-Mode DRIVE CONTROL System, mit dem du zwischen vier verschiedenen Drehzahl- und Drehmomenteinstellungen f\u00fcr maximale Flexibilit\u00e4t bei verschiedenen Anwendungen w\u00e4hlen kannst;Vierter Modus f\u00fcr maximales Drehmoment und un\u00fcbertroffene Kontrolle beim L\u00f6sen von Schrauben;Kann Anwendungen mit extremer Drehmomentgenauigkeit wiederholen;Das ONE-KEY\u2122 Tracking &amp; Security System bietet eine kostenlose, cloudbasierte Bestandsverfolgung und -verwaltung sowie Funktionen zur Fernsperrung und Anpassung der Werkzeugleistung;Die FUEL Technologie definiert schnurlose Elektrowerkzeuge neu. Der b\u00fcrstenlose Motor, die REDLINK PLUS\u2122-Elektronik und der REDLITHIUM\u2122-Akku sorgen f\u00fcr \u00fcberragende Leistung und Langlebigkeit;3\/4-Vierkant-Steckschl\u00fcssel mit Reibring;Funktioniert mit allen Milwaukee M18-Akkus;M18GG Cordless Grease Gun;Der leistungsstarke 18-V-Motor liefert \u00fcber 690 bar Druck;REDLINK\u2122 &#8211; \u00dcberlastungsschutztechnologie f\u00fcr Werkzeug und Akku f\u00fcr maximale Lebensdauer;Maximale Autonomie, bis zu 7 Kartuschen mit einer Ladung;Ergonomisch und handlich, nur 355 mm lang und 3,9 kg schwer;Ventil zur Entl\u00fcftung;Integriertes Schlauchgeh\u00e4use, Riemen und Akkuladestatus-LED;Ventil zur Verwendung mit externer Fettpumpe;Drei Anwendungsm\u00f6glichkeiten: mit 400 ml Kartusche, 473 ml loses Fett, Kanisterkapazit\u00e4t: 400 ml Kartusche, 473 ml loses Fett;\u00dcberwachung der einzelnen Akkuzellen, um einen gleichm\u00e4\u00dfigen Akkuverbrauch und eine l\u00e4ngere Lebensdauer und Haltbarkeit des Akkus zu gew\u00e4hrleisten;Akkuladestandsanzeige;REDLITHIUM\u2122-Akku bietet eine \u00fcberlegene Akkukonstruktion, Elektronik und gleichbleibende Leistung, um eine gr\u00f6\u00dfere Reichweite und mehr Arbeit \u00fcber die gesamte Lebensdauer des Akkus zu erm\u00f6glichen;18V-Akkuplattform: Funktioniert mit allen Milwaukee M18-Akkus;Kratzfeste und beschlagfreie klare Schutzbrille;Leicht, f\u00fcr mehr Komfort bei der Verwendung;Kratzfeste Gl\u00e4ser;Beschlagfreie Gl\u00e4ser;Bequeme und flexible Seitenb\u00fcgel f\u00fcr mehr Komfort;Europ\u00e4ische Zertifizierung: EN166 und EN170 \/ EN172;Geh\u00f6rschutzst\u00f6psel mit Kordel;Effiziente L\u00e4rmd\u00e4mpfung SNR = 31 dB;Mit der bequemen Kordel k\u00f6nnen die Geh\u00f6rschutzst\u00f6psel um den Hals gelegt werden, wenn sie nicht gebraucht werden;Hergestellt aus weichem Silikon, f\u00fcr maximalen Komfort auch bei l\u00e4ngerem Gebrauch. Wiederverwendbar, unter flie\u00dfendem Wasser mit milder Seife abwaschbar;Dank ihres Designs lassen sie sich einfach und schnell aufsetzen, um einen optimalen Sitz zu gew\u00e4hrleisten;Inklusive praktischem Etui zur Aufbewahrung der St\u00f6psel nach dem Gebrauch;Europ\u00e4ische Zertifizierung f\u00fcr Geh\u00f6rschutz &#8211; St\u00f6psel: EN 352-2;Packung mit drei St\u00f6pseln mit Kordel + praktischem Etui;CAT III PPE  <\/p>\n<p>4933499415<br \/>\n4058546565794<\/p>\n","protected":false},"excerpt":{"rendered":"<p>M18ONEPP2Y-0X POWERPACK TEILE<\/p>\n","protected":false},"featured_media":600680,"template":"","meta":{"_seopress_robots_primary_cat":"none","_seopress_titles_title":"","_seopress_titles_desc":"","_seopress_robots_index":""},"product_brand":[3407],"product_cat":[5531,29,514],"product_tag":[3270],"class_list":{"0":"post-613420","1":"product","2":"type-product","3":"status-publish","4":"has-post-thumbnail","6":"product_brand-milwaukee","7":"product_cat-vari-macchinari-milwaukee","8":"product_cat-macchinari","9":"product_cat-altri-dispositivi","10":"product_tag-import-milwau","11":"sws-gruppo-macchinari-de","12":"sws-conto-ricavi-merci-rivendita-macchinari-de","13":"sws-gruppo-iva-iva81-de","15":"first","16":"onbackorder","17":"sale","18":"shipping-taxable","19":"purchasable","20":"product-type-simple"},"_links":{"self":[{"href":"https:\/\/lucacastelli.com\/de\/wp-json\/wp\/v2\/product\/613420","targetHints":{"allow":["GET"]}}],"collection":[{"href":"https:\/\/lucacastelli.com\/de\/wp-json\/wp\/v2\/product"}],"about":[{"href":"https:\/\/lucacastelli.com\/de\/wp-json\/wp\/v2\/types\/product"}],"wp:featuredmedia":[{"embeddable":true,"href":"https:\/\/lucacastelli.com\/de\/wp-json\/wp\/v2\/media\/600680"}],"wp:attachment":[{"href":"https:\/\/lucacastelli.com\/de\/wp-json\/wp\/v2\/media?parent=613420"}],"wp:term":[{"taxonomy":"product_brand","embeddable":true,"href":"https:\/\/lucacastelli.com\/de\/wp-json\/wp\/v2\/product_brand?post=613420"},{"taxonomy":"product_cat","embeddable":true,"href":"https:\/\/lucacastelli.com\/de\/wp-json\/wp\/v2\/product_cat?post=613420"},{"taxonomy":"product_tag","embeddable":true,"href":"https:\/\/lucacastelli.com\/de\/wp-json\/wp\/v2\/product_tag?post=613420"}],"curies":[{"name":"wp","href":"https:\/\/api.w.org\/{rel}","templated":true}]}}