{"id":613412,"date":"2025-08-10T12:26:19","date_gmt":"2025-08-10T10:26:19","guid":{"rendered":"https:\/\/lucacastelli.com\/prodotto\/milwaukee-kettenzug\/"},"modified":"2025-08-10T12:26:19","modified_gmt":"2025-08-10T10:26:19","slug":"milwaukee-kettenzug","status":"publish","type":"product","link":"https:\/\/lucacastelli.com\/de\/produkt\/milwaukee-kettenzug\/","title":{"rendered":"Milwaukee Kettenzug"},"content":{"rendered":"<p>M18 BLCHTO-121 \/ WINDE<br \/>\nHubkapazit\u00e4t von 1 Tonne, zum Heben einer Vielzahl von Materialien; bis zu 6 m Hubh\u00f6he, um alle Anwendungen abzudecken; wird \u00fcber die Fernbedienung bedient, f\u00fcr einen sicheren Fernbetrieb; Kettenstopp innerhalb von 1 Sekunde f\u00fcr pr\u00e4zises und sicheres Arbeiten; Mikrobewegungen und sanfter Start, f\u00fcr maximale Pr\u00e4zision; stoppt automatisch, wenn die Lastkette vollst\u00e4ndig ein- oder ausgefahren istKompatibel mit einer breiten Palette an Hebe- und Senkzubeh\u00f6r;Geringe Stellfl\u00e4che f\u00fcr Arbeiten in Deckenn\u00e4he;Robuste Kettentasche f\u00fcr einfache Handhabung und Transport;Intervallkontrolle der Winde und Datenspeicherung \u00fcber das ONE-KEY\u2122-System;B\u00fcrstenloser Motor, REDLINK PLUS\u2122-Elektronik und REDLITHIUM\u2122-Akkupack bieten \u00fcberragende Leistung und Langlebigkeit;Funktioniert mit allen Milwaukee M18-Akkus<\/p>\n<p>4933500224<br \/>\n4058546615260<\/p>\n","protected":false},"excerpt":{"rendered":"<p>M18 BLCHTO-121 \/ WINDE<\/p>\n","protected":false},"featured_media":589688,"template":"","meta":{"_seopress_robots_primary_cat":"","_seopress_titles_title":"","_seopress_titles_desc":"","_seopress_robots_index":""},"product_brand":[3656],"product_cat":[1454,169,5534],"product_tag":[3272],"class_list":{"0":"post-613412","1":"product","2":"type-product","3":"status-publish","4":"has-post-thumbnail","6":"product_brand-milwaukee-de","7":"product_cat-andere-gerate","8":"product_cat-maschinen","9":"product_cat-verschiedene-maschinen-von-milwaukee","10":"product_tag-import-milwau-de","11":"sws-conto-ricavi-merci-rivendita-macchinari-de","12":"sws-gruppo-iva-iva81-de","14":"first","15":"onbackorder","16":"sale","17":"shipping-taxable","18":"purchasable","19":"product-type-simple"},"_links":{"self":[{"href":"https:\/\/lucacastelli.com\/de\/wp-json\/wp\/v2\/product\/613412","targetHints":{"allow":["GET"]}}],"collection":[{"href":"https:\/\/lucacastelli.com\/de\/wp-json\/wp\/v2\/product"}],"about":[{"href":"https:\/\/lucacastelli.com\/de\/wp-json\/wp\/v2\/types\/product"}],"wp:featuredmedia":[{"embeddable":true,"href":"https:\/\/lucacastelli.com\/de\/wp-json\/wp\/v2\/media\/589688"}],"wp:attachment":[{"href":"https:\/\/lucacastelli.com\/de\/wp-json\/wp\/v2\/media?parent=613412"}],"wp:term":[{"taxonomy":"product_brand","embeddable":true,"href":"https:\/\/lucacastelli.com\/de\/wp-json\/wp\/v2\/product_brand?post=613412"},{"taxonomy":"product_cat","embeddable":true,"href":"https:\/\/lucacastelli.com\/de\/wp-json\/wp\/v2\/product_cat?post=613412"},{"taxonomy":"product_tag","embeddable":true,"href":"https:\/\/lucacastelli.com\/de\/wp-json\/wp\/v2\/product_tag?post=613412"}],"curies":[{"name":"wp","href":"https:\/\/api.w.org\/{rel}","templated":true}]}}