{"id":613408,"date":"2025-08-10T12:26:23","date_gmt":"2025-08-10T10:26:23","guid":{"rendered":"https:\/\/lucacastelli.com\/prodotto\/milwaukee-linearer-laser-gruen-m12-3-linien-360\/"},"modified":"2025-08-10T12:26:23","modified_gmt":"2025-08-10T10:26:23","slug":"milwaukee-linearer-laser-gruen-m12-3-linien-360","status":"publish","type":"product","link":"https:\/\/lucacastelli.com\/de\/produkt\/milwaukee-linearer-laser-gruen-m12-3-linien-360\/","title":{"rendered":"Milwaukee Linearer Laser Gr\u00fcn M12\u2122 3-Linien 360\u00b0"},"content":{"rendered":"<p>Linearer Laser Gr\u00fcn M12\u2122 3-Linien 360\u00b0<br \/>\nM123PLSKIT-401P LASER DETECTOR<br \/>\nEine horizontale Linie und zwei vertikale Linien zum Ausrichten, Nivellieren, Quadrieren und \u00dcbertragen von Punkten f\u00fcr eine einfache Raumplanung mit einem Werkzeug;Hochintensiver gr\u00fcner Laser f\u00fcr kompromisslose Sichtbarkeit: bis zu 4-mal besser sichtbar als rote Laser;Reichweite 38 m (50 m mit Laserempf\u00e4nger LLD50, 100 m mit Laserempf\u00e4nger LRD100);M12 4.0-Ah-Akku garantiert eine Reichweite von mehr als 15 Stunden;Pendelsystem in 3 Modi: Manuell f\u00fcr den Einsatz in jedem Winkel, Selbstnivellierung mit Ausrichtungsanzeige mit 4 Grad Abweichung und verriegeltes Pendel f\u00fcr zus\u00e4tzlichen Schutz beim Transport;Magnete, 1\/4-Zoll- und 5\/8-Zoll-Stativgewinde und integrierte Bohrungen: Einfache Befestigung an Stahl, Holz und Stativ;330-Grad-Drehung des Lasers mit Mikroausrichtungsrad f\u00fcr pr\u00e4zise und schnelle Einstellungen;Schutzart IP 54, sturzsicher aus 1 m;Funktioniert mit allen Milwaukee M12\u2122-Batterien;Enth\u00e4lt 1 Sucher mit hoher Sichtbarkeit und 1 Wandhalterung<\/p>\n<p>4933499379<br \/>\n4058546565435<\/p>\n","protected":false},"excerpt":{"rendered":"<p>M123PLSKIT-401P LASERDETEKTOR<\/p>\n","protected":false},"featured_media":442427,"template":"","meta":{"_seopress_robots_primary_cat":"","_seopress_titles_title":"","_seopress_titles_desc":"","_seopress_robots_index":""},"product_brand":[3656],"product_cat":[1454,169,5534],"product_tag":[3272],"class_list":{"0":"post-613408","1":"product","2":"type-product","3":"status-publish","4":"has-post-thumbnail","6":"product_brand-milwaukee-de","7":"product_cat-andere-gerate","8":"product_cat-maschinen","9":"product_cat-verschiedene-maschinen-von-milwaukee","10":"product_tag-import-milwau-de","11":"sws-conto-ricavi-merci-rivendita-macchinari-de","12":"sws-gruppo-iva-iva81-de","14":"first","15":"onbackorder","16":"sale","17":"shipping-taxable","18":"purchasable","19":"product-type-simple"},"_links":{"self":[{"href":"https:\/\/lucacastelli.com\/de\/wp-json\/wp\/v2\/product\/613408","targetHints":{"allow":["GET"]}}],"collection":[{"href":"https:\/\/lucacastelli.com\/de\/wp-json\/wp\/v2\/product"}],"about":[{"href":"https:\/\/lucacastelli.com\/de\/wp-json\/wp\/v2\/types\/product"}],"wp:featuredmedia":[{"embeddable":true,"href":"https:\/\/lucacastelli.com\/de\/wp-json\/wp\/v2\/media\/442427"}],"wp:attachment":[{"href":"https:\/\/lucacastelli.com\/de\/wp-json\/wp\/v2\/media?parent=613408"}],"wp:term":[{"taxonomy":"product_brand","embeddable":true,"href":"https:\/\/lucacastelli.com\/de\/wp-json\/wp\/v2\/product_brand?post=613408"},{"taxonomy":"product_cat","embeddable":true,"href":"https:\/\/lucacastelli.com\/de\/wp-json\/wp\/v2\/product_cat?post=613408"},{"taxonomy":"product_tag","embeddable":true,"href":"https:\/\/lucacastelli.com\/de\/wp-json\/wp\/v2\/product_tag?post=613408"}],"curies":[{"name":"wp","href":"https:\/\/api.w.org\/{rel}","templated":true}]}}