{"id":613406,"date":"2025-08-10T12:26:18","date_gmt":"2025-08-10T10:26:18","guid":{"rendered":"https:\/\/lucacastelli.com\/prodotto\/milwaukee-exzenterschleifer-6\/"},"modified":"2025-08-10T12:26:18","modified_gmt":"2025-08-10T10:26:18","slug":"milwaukee-exzenterschleifer-6","status":"publish","type":"product","link":"https:\/\/lucacastelli.com\/de\/produkt\/milwaukee-exzenterschleifer-6\/","title":{"rendered":"Milwaukee Exzenterschleifer"},"content":{"rendered":"<p>M18 FROS125-502X \/ HOLZSCHLEIFER<br \/>\nDer M18 FUEL-Schleifer hat einen 2,5-mm-Schleifkreis mit 12000 Umdrehungen pro Minute und kann so schnell und effizient 220 g Material pro Ladung eines 5.0 Ah;Ausgestattet mit der VacLink-Technologie, mit der das Werkzeug kompatible Milwaukee\u00ae Staubsauger \u00fcber Bluetooth\u00ae ein- und ausschalten kann;Ausgestattet mit dem DEK26-Adapter, der direkt auf alle Milwaukee\u00ae Staubsauger passt. Mit einer Staubabsaugung von 95 %;Niedrige Vibrationswerte von bis zu 6,63 ms\u00b2, so dass der Benutzer l\u00e4nger sicher schleifen kann;Der Hochleistungsmotor bietet 6000 bis 12000 Umdrehungen pro Minute mit einer Umlaufbahn von 2,5 mm und einer Auswahl von f\u00fcnf Geschwindigkeitsstufen. Damit kannst du die richtige Geschwindigkeit f\u00fcr das Schleifen verschiedener Materialien einstellen;Verbesserte Ergonomie und Griff f\u00fcr mehr Benutzerkomfort bei langen Schleifarbeiten, geringes Gewicht von nur 1,45 kg;Universal-Schleifteller mit Klettverschluss f\u00fcr einfaches Auswechseln der Schleifscheiben;FUEL-Technologie definiert kabellose Elektrowerkzeuge neu. Der b\u00fcrstenlose Motor, die REDLINK PLUS\u2122-Elektronik und der REDLITHIUM\u2122-Akku sorgen f\u00fcr \u00fcberragende Leistung und Langlebigkeit;Funktioniert mit allen M18 Milwaukee\u00ae-Akkus   <\/p>\n<p>4933498254<br \/>\n4058546521233<\/p>\n","protected":false},"excerpt":{"rendered":"<p>M18 FROS125-502X \/ HOLZSCHLEIFMASCHINEN<\/p>\n","protected":false},"featured_media":589937,"template":"","meta":{"_seopress_robots_primary_cat":"","_seopress_titles_title":"","_seopress_titles_desc":"","_seopress_robots_index":""},"product_brand":[3656],"product_cat":[1454,169,5534],"product_tag":[3272],"class_list":{"0":"post-613406","1":"product","2":"type-product","3":"status-publish","4":"has-post-thumbnail","6":"product_brand-milwaukee-de","7":"product_cat-andere-gerate","8":"product_cat-maschinen","9":"product_cat-verschiedene-maschinen-von-milwaukee","10":"product_tag-import-milwau-de","11":"sws-conto-ricavi-merci-rivendita-macchinari-de","12":"sws-gruppo-iva-iva81-de","14":"first","15":"onbackorder","16":"sale","17":"shipping-taxable","18":"purchasable","19":"product-type-simple"},"_links":{"self":[{"href":"https:\/\/lucacastelli.com\/de\/wp-json\/wp\/v2\/product\/613406","targetHints":{"allow":["GET"]}}],"collection":[{"href":"https:\/\/lucacastelli.com\/de\/wp-json\/wp\/v2\/product"}],"about":[{"href":"https:\/\/lucacastelli.com\/de\/wp-json\/wp\/v2\/types\/product"}],"wp:featuredmedia":[{"embeddable":true,"href":"https:\/\/lucacastelli.com\/de\/wp-json\/wp\/v2\/media\/589937"}],"wp:attachment":[{"href":"https:\/\/lucacastelli.com\/de\/wp-json\/wp\/v2\/media?parent=613406"}],"wp:term":[{"taxonomy":"product_brand","embeddable":true,"href":"https:\/\/lucacastelli.com\/de\/wp-json\/wp\/v2\/product_brand?post=613406"},{"taxonomy":"product_cat","embeddable":true,"href":"https:\/\/lucacastelli.com\/de\/wp-json\/wp\/v2\/product_cat?post=613406"},{"taxonomy":"product_tag","embeddable":true,"href":"https:\/\/lucacastelli.com\/de\/wp-json\/wp\/v2\/product_tag?post=613406"}],"curies":[{"name":"wp","href":"https:\/\/api.w.org\/{rel}","templated":true}]}}