{"id":613395,"date":"2025-08-10T12:26:16","date_gmt":"2025-08-10T10:26:16","guid":{"rendered":"https:\/\/lucacastelli.com\/prodotto\/milwaukee-exzenterschleifer-3\/"},"modified":"2025-08-10T12:26:16","modified_gmt":"2025-08-10T10:26:16","slug":"milwaukee-exzenterschleifer-3","status":"publish","type":"product","link":"https:\/\/lucacastelli.com\/de\/produkt\/milwaukee-exzenterschleifer-3\/","title":{"rendered":"Milwaukee Exzenterschleifer"},"content":{"rendered":"<p>M12 FROS2.5-502X \/ SANDERS<br \/>\nHochleistungsmotor: 6400 bis 24000 H\u00fcbe pro Minute f\u00fcr schnelleren Materialabtrag;Schleifer mit 2,5 mm Umlaufbahn: perfekt in der Karosseriewerkstatt zum Auftragen von Grundierung und Decklack;Einstellbares Seitenrad mit 8 Geschwindigkeiten, um die richtige Geschwindigkeit f\u00fcr verschiedene Anwendungen zu erreichen;Kompaktes und ergonomisches Design f\u00fcr erm\u00fcdungsfreies Arbeiten;Sehr leicht: nur 0,95 kg und 1,35 kg mit 5.0 Ah (M12 HB5) Akkupack;Verabschiede dich vom l\u00e4stigen Schleiftellerwechsel mit Schraubenschl\u00fcsseln: werkzeugloser Wechsel in weniger als 2 Sekunden mit einem Handgriff;Saugtelleraufsatz links und rechts montierbar f\u00fcr Links- und Rechtsh\u00e4nder;Universeller Klettteller zum einfachen Wechsel der Schleifpapiere;Saugtelleradapter im Lieferumfang enthalten, kompatibel mit allen Milwaukee\u00ae Staubsaugern und 32 mm, 47,5 mm und 63,5 mm (1.25 Zoll, 1,875 Zoll und 2,5 Zoll);FUEL Technologie definiert kabellose Elektrowerkzeuge neu. B\u00fcrstenloser Motor, REDLINK PLUS\u2122-Elektronik und REDLITHIUM\u2122-Akku sorgen f\u00fcr \u00fcberragende Leistung und Langlebigkeit;Funktioniert mit allen M12\u2122 Milwaukee\u00ae-Akkus;Bis zu 10 Autot\u00fcren k\u00f6nnen mit einem M12M12\u2122 HIGH OUTPUT\u2122 5,0 Ah-Akku (M12 HB5) eingeschlossen werden <\/p>\n<p>4933493648<br \/>\n4058546485191<\/p>\n","protected":false},"excerpt":{"rendered":"<p>M12 FROS2.5-502X \/ SANDERS<\/p>\n","protected":false},"featured_media":590128,"template":"","meta":{"_seopress_robots_primary_cat":"","_seopress_titles_title":"","_seopress_titles_desc":"","_seopress_robots_index":""},"product_brand":[3407],"product_cat":[5531,29,514],"product_tag":[3270],"class_list":{"0":"post-613395","1":"product","2":"type-product","3":"status-publish","4":"has-post-thumbnail","6":"product_brand-milwaukee","7":"product_cat-vari-macchinari-milwaukee","8":"product_cat-macchinari","9":"product_cat-altri-dispositivi","10":"product_tag-import-milwau","11":"sws-conto-ricavi-merci-rivendita-macchinari-de","12":"sws-gruppo-iva-iva81-de","14":"first","15":"onbackorder","16":"sale","17":"shipping-taxable","18":"purchasable","19":"product-type-simple"},"_links":{"self":[{"href":"https:\/\/lucacastelli.com\/de\/wp-json\/wp\/v2\/product\/613395","targetHints":{"allow":["GET"]}}],"collection":[{"href":"https:\/\/lucacastelli.com\/de\/wp-json\/wp\/v2\/product"}],"about":[{"href":"https:\/\/lucacastelli.com\/de\/wp-json\/wp\/v2\/types\/product"}],"wp:featuredmedia":[{"embeddable":true,"href":"https:\/\/lucacastelli.com\/de\/wp-json\/wp\/v2\/media\/590128"}],"wp:attachment":[{"href":"https:\/\/lucacastelli.com\/de\/wp-json\/wp\/v2\/media?parent=613395"}],"wp:term":[{"taxonomy":"product_brand","embeddable":true,"href":"https:\/\/lucacastelli.com\/de\/wp-json\/wp\/v2\/product_brand?post=613395"},{"taxonomy":"product_cat","embeddable":true,"href":"https:\/\/lucacastelli.com\/de\/wp-json\/wp\/v2\/product_cat?post=613395"},{"taxonomy":"product_tag","embeddable":true,"href":"https:\/\/lucacastelli.com\/de\/wp-json\/wp\/v2\/product_tag?post=613395"}],"curies":[{"name":"wp","href":"https:\/\/api.w.org\/{rel}","templated":true}]}}