{"id":613274,"date":"2025-08-15T14:21:37","date_gmt":"2025-08-15T12:21:37","guid":{"rendered":"https:\/\/lucacastelli.com\/prodotto\/protos-maclip-light-guertelhalterung\/"},"modified":"2026-04-15T03:55:28","modified_gmt":"2026-04-15T01:55:28","slug":"protos-maclip-light-guertelhalterung","status":"publish","type":"product","link":"https:\/\/lucacastelli.com\/de\/produkt\/protos-maclip-light-guertelhalterung\/","title":{"rendered":"Protos\u00ae Maclip Light G\u00fcrtelhalterung"},"content":{"rendered":"<p>Magnet-Clip-System zur Befestigung am G\u00fcrtel. Die G\u00fcrtelhalterung ist aus echtem Leder gefertigt und mit dem PARASNAP\u00ae uni Basishalter ausgestattet. Die Sicherheitsleuchte muss mit den Halterungen 204044 (Protos\u00ae Maclip Light Mini) oder 204075 (Protos\u00ae Maclip Light) ausgestattet sein.<br \/>\nInformationen<br \/>\nDie Montage der Protos\u00ae Maclip Light Halterung (204076) am Protos\u00ae darf ausschlie\u00dflich durch Fachpersonal erfolgen. Bei einer Neubestellung eines Protos\u00ae Integral kann diese direkt ab Werk mitbestellt werden. Zubeh\u00f6r und Leuchten k\u00f6nnen als Ersatzteile erworben werden.<\/p>\n<p>Material: glasfaserverst\u00e4rktes Polyamid, Rindsleder.<\/p>\n","protected":false},"excerpt":{"rendered":"<p>Magnet-Clip-System zur Befestigung am G\u00fcrtel. Die G\u00fcrtelhalterung ist aus echtem Leder gefertigt und mit dem PARASNAP\u00ae uni Basishalter ausgestattet. Die<\/p>\n","protected":false},"featured_media":610159,"template":"","meta":{"_seopress_robots_primary_cat":"none","_seopress_titles_title":"","_seopress_titles_desc":"","_seopress_robots_index":""},"product_brand":[3670,4720],"product_cat":[150,1396,1404],"product_tag":[],"class_list":{"0":"post-613274","1":"product","2":"type-product","3":"status-publish","4":"has-post-thumbnail","6":"product_brand-pfanner-de","7":"product_brand-protos-de","8":"product_cat-ausrustung","9":"product_cat-arbeitsausrustung","10":"product_cat-helme","11":"sws-gruppo-no-gruppo-de","12":"sws-conto-ricavi-merci-rivendita-abbigliamento-de","13":"sws-gruppo-iva-iva81-de","15":"first","16":"instock","17":"shipping-taxable","18":"purchasable","19":"product-type-simple"},"_links":{"self":[{"href":"https:\/\/lucacastelli.com\/de\/wp-json\/wp\/v2\/product\/613274","targetHints":{"allow":["GET"]}}],"collection":[{"href":"https:\/\/lucacastelli.com\/de\/wp-json\/wp\/v2\/product"}],"about":[{"href":"https:\/\/lucacastelli.com\/de\/wp-json\/wp\/v2\/types\/product"}],"wp:featuredmedia":[{"embeddable":true,"href":"https:\/\/lucacastelli.com\/de\/wp-json\/wp\/v2\/media\/610159"}],"wp:attachment":[{"href":"https:\/\/lucacastelli.com\/de\/wp-json\/wp\/v2\/media?parent=613274"}],"wp:term":[{"taxonomy":"product_brand","embeddable":true,"href":"https:\/\/lucacastelli.com\/de\/wp-json\/wp\/v2\/product_brand?post=613274"},{"taxonomy":"product_cat","embeddable":true,"href":"https:\/\/lucacastelli.com\/de\/wp-json\/wp\/v2\/product_cat?post=613274"},{"taxonomy":"product_tag","embeddable":true,"href":"https:\/\/lucacastelli.com\/de\/wp-json\/wp\/v2\/product_tag?post=613274"}],"curies":[{"name":"wp","href":"https:\/\/api.w.org\/{rel}","templated":true}]}}