{"id":613267,"date":"2025-08-15T14:36:25","date_gmt":"2025-08-15T12:36:25","guid":{"rendered":"https:\/\/lucacastelli.com\/prodotto\/clip-on-clear\/"},"modified":"2026-04-14T03:30:26","modified_gmt":"2026-04-14T01:30:26","slug":"clip-on-clear","status":"publish","type":"product","link":"https:\/\/lucacastelli.com\/de\/produkt\/clip-on-clear\/","title":{"rendered":"Clip-on-Clear"},"content":{"rendered":"<p>Unser Nachr\u00fcst-Kit besteht aus einem kompletten Klarsichtschutz f\u00fcr unsere Metallvisiere G16 und F39.<br \/>\nDas Kit enth\u00e4lt:<br \/>\n&#8211; 4 Folien<br \/>\n&#8211; 5 Befestigungskappen inkl. Schrauben <\/p>\n","protected":false},"excerpt":{"rendered":"<p>Unser Nachr\u00fcst-Kit besteht aus einem kompletten Klarsichtschutz f\u00fcr unsere Metallvisiere G16 und F39. Das Kit enth\u00e4lt: &#8211; 4 Folien &#8211;<\/p>\n","protected":false},"featured_media":610181,"template":"","meta":{"_seopress_robots_primary_cat":"none","_seopress_titles_title":"","_seopress_titles_desc":"","_seopress_robots_index":""},"product_brand":[3458,4381],"product_cat":[33,537,815],"product_tag":[],"class_list":{"0":"post-613267","1":"product","2":"type-product","3":"status-publish","4":"has-post-thumbnail","6":"product_brand-pfanner","7":"product_brand-protos","8":"product_cat-attrezzature","9":"product_cat-attrezzatura-da-lavoro","10":"product_cat-caschi","11":"sws-gruppo-no-gruppo-de","12":"sws-conto-ricavi-merci-rivendita-abbigliamento-de","13":"sws-gruppo-iva-iva81-de","15":"first","16":"instock","17":"shipping-taxable","18":"purchasable","19":"product-type-simple"},"_links":{"self":[{"href":"https:\/\/lucacastelli.com\/de\/wp-json\/wp\/v2\/product\/613267","targetHints":{"allow":["GET"]}}],"collection":[{"href":"https:\/\/lucacastelli.com\/de\/wp-json\/wp\/v2\/product"}],"about":[{"href":"https:\/\/lucacastelli.com\/de\/wp-json\/wp\/v2\/types\/product"}],"wp:featuredmedia":[{"embeddable":true,"href":"https:\/\/lucacastelli.com\/de\/wp-json\/wp\/v2\/media\/610181"}],"wp:attachment":[{"href":"https:\/\/lucacastelli.com\/de\/wp-json\/wp\/v2\/media?parent=613267"}],"wp:term":[{"taxonomy":"product_brand","embeddable":true,"href":"https:\/\/lucacastelli.com\/de\/wp-json\/wp\/v2\/product_brand?post=613267"},{"taxonomy":"product_cat","embeddable":true,"href":"https:\/\/lucacastelli.com\/de\/wp-json\/wp\/v2\/product_cat?post=613267"},{"taxonomy":"product_tag","embeddable":true,"href":"https:\/\/lucacastelli.com\/de\/wp-json\/wp\/v2\/product_tag?post=613267"}],"curies":[{"name":"wp","href":"https:\/\/api.w.org\/{rel}","templated":true}]}}