{"id":613260,"date":"2025-08-15T14:33:51","date_gmt":"2025-08-15T12:33:51","guid":{"rendered":"https:\/\/lucacastelli.com\/prodotto\/protos-headset-fuer-extra-grosse-groessen\/"},"modified":"2026-04-14T03:30:21","modified_gmt":"2026-04-14T01:30:21","slug":"protos-headset-fuer-extra-grosse-groessen","status":"publish","type":"product","link":"https:\/\/lucacastelli.com\/de\/produkt\/protos-headset-fuer-extra-grosse-groessen\/","title":{"rendered":"Protos\u00ae Geh\u00f6rschutzb\u00fcgel f\u00fcr \u00dcbergr\u00f6ssen"},"content":{"rendered":"<p>Der Protos\u00ae Geh\u00f6rschutzb\u00fcgel in \u00dcbergr\u00f6sse ist f\u00fcr sehr grosse K\u00f6pfe erforderlich, damit der Geh\u00f6rschutz am Protos\u00ae montiert werden kann. Diese Variante des Geh\u00f6rschutzb\u00fcgels erm\u00f6glicht die Montage des Geh\u00f6rschutzes sowie die Einstellung von H\u00f6he und Anpressdruck. <\/p>\n<p>Material: 100 % ABS<br \/>\nGr\u00f6sse: sehr grosse K\u00f6pfe<\/p>\n","protected":false},"excerpt":{"rendered":"<p>Der Protos\u00ae Geh\u00f6rschutzb\u00fcgel in \u00dcbergr\u00f6sse ist f\u00fcr sehr grosse K\u00f6pfe erforderlich, damit der Geh\u00f6rschutz am Protos\u00ae montiert werden kann. Diese<\/p>\n","protected":false},"featured_media":610176,"template":"","meta":{"_seopress_robots_primary_cat":"none","_seopress_titles_title":"","_seopress_titles_desc":"","_seopress_robots_index":""},"product_brand":[3458,4381],"product_cat":[33,537,815],"product_tag":[],"class_list":{"0":"post-613260","1":"product","2":"type-product","3":"status-publish","4":"has-post-thumbnail","6":"product_brand-pfanner","7":"product_brand-protos","8":"product_cat-attrezzature","9":"product_cat-attrezzatura-da-lavoro","10":"product_cat-caschi","11":"sws-gruppo-no-gruppo-de","12":"sws-conto-ricavi-merci-rivendita-abbigliamento-de","13":"sws-gruppo-iva-iva81-de","15":"first","16":"instock","17":"shipping-taxable","18":"purchasable","19":"product-type-simple"},"_links":{"self":[{"href":"https:\/\/lucacastelli.com\/de\/wp-json\/wp\/v2\/product\/613260","targetHints":{"allow":["GET"]}}],"collection":[{"href":"https:\/\/lucacastelli.com\/de\/wp-json\/wp\/v2\/product"}],"about":[{"href":"https:\/\/lucacastelli.com\/de\/wp-json\/wp\/v2\/types\/product"}],"wp:featuredmedia":[{"embeddable":true,"href":"https:\/\/lucacastelli.com\/de\/wp-json\/wp\/v2\/media\/610176"}],"wp:attachment":[{"href":"https:\/\/lucacastelli.com\/de\/wp-json\/wp\/v2\/media?parent=613260"}],"wp:term":[{"taxonomy":"product_brand","embeddable":true,"href":"https:\/\/lucacastelli.com\/de\/wp-json\/wp\/v2\/product_brand?post=613260"},{"taxonomy":"product_cat","embeddable":true,"href":"https:\/\/lucacastelli.com\/de\/wp-json\/wp\/v2\/product_cat?post=613260"},{"taxonomy":"product_tag","embeddable":true,"href":"https:\/\/lucacastelli.com\/de\/wp-json\/wp\/v2\/product_tag?post=613260"}],"curies":[{"name":"wp","href":"https:\/\/api.w.org\/{rel}","templated":true}]}}