{"id":613254,"date":"2025-08-15T14:30:39","date_gmt":"2025-08-15T12:30:39","guid":{"rendered":"https:\/\/lucacastelli.com\/prodotto\/protos-coolmax-airpolster\/"},"modified":"2026-04-14T03:30:24","modified_gmt":"2026-04-14T01:30:24","slug":"protos-coolmax-airpolster","status":"publish","type":"product","link":"https:\/\/lucacastelli.com\/de\/produkt\/protos-coolmax-airpolster\/","title":{"rendered":"Protos\u00ae Coolmax\u00ae AIRPolster"},"content":{"rendered":"<p>Die Protos\u00ae Coolmax\u00ae AIR Polster sind geeignet f\u00fcr die Protos\u00ae Integral und BT-COM Geh\u00f6rsch\u00fctzer. Achtung: Dieses Produkt ist nicht f\u00fcr die Schalld\u00e4mmung geeignet! <\/p>\n<p>Material: 50% ABS 50% Polyamid<br \/>\nGewicht: 24 g<br \/>\nVerpackung: 1 St\u00fcck<\/p>\n","protected":false},"excerpt":{"rendered":"<p>Die Protos\u00ae Coolmax\u00ae AIR Polster sind geeignet f\u00fcr die Protos\u00ae Integral und BT-COM Geh\u00f6rsch\u00fctzer. Achtung: Dieses Produkt ist nicht f\u00fcr<\/p>\n","protected":false},"featured_media":610171,"template":"","meta":{"_seopress_robots_primary_cat":"none","_seopress_titles_title":"","_seopress_titles_desc":"","_seopress_robots_index":""},"product_brand":[3458,4381],"product_cat":[33,537,815],"product_tag":[],"class_list":{"0":"post-613254","1":"product","2":"type-product","3":"status-publish","4":"has-post-thumbnail","6":"product_brand-pfanner","7":"product_brand-protos","8":"product_cat-attrezzature","9":"product_cat-attrezzatura-da-lavoro","10":"product_cat-caschi","11":"sws-gruppo-no-gruppo-de","12":"sws-conto-ricavi-merci-rivendita-abbigliamento-de","13":"sws-gruppo-iva-iva81-de","15":"first","16":"instock","17":"shipping-taxable","18":"purchasable","19":"product-type-simple"},"_links":{"self":[{"href":"https:\/\/lucacastelli.com\/de\/wp-json\/wp\/v2\/product\/613254","targetHints":{"allow":["GET"]}}],"collection":[{"href":"https:\/\/lucacastelli.com\/de\/wp-json\/wp\/v2\/product"}],"about":[{"href":"https:\/\/lucacastelli.com\/de\/wp-json\/wp\/v2\/types\/product"}],"wp:featuredmedia":[{"embeddable":true,"href":"https:\/\/lucacastelli.com\/de\/wp-json\/wp\/v2\/media\/610171"}],"wp:attachment":[{"href":"https:\/\/lucacastelli.com\/de\/wp-json\/wp\/v2\/media?parent=613254"}],"wp:term":[{"taxonomy":"product_brand","embeddable":true,"href":"https:\/\/lucacastelli.com\/de\/wp-json\/wp\/v2\/product_brand?post=613254"},{"taxonomy":"product_cat","embeddable":true,"href":"https:\/\/lucacastelli.com\/de\/wp-json\/wp\/v2\/product_cat?post=613254"},{"taxonomy":"product_tag","embeddable":true,"href":"https:\/\/lucacastelli.com\/de\/wp-json\/wp\/v2\/product_tag?post=613254"}],"curies":[{"name":"wp","href":"https:\/\/api.w.org\/{rel}","templated":true}]}}