{"id":613246,"date":"2025-08-10T12:56:44","date_gmt":"2025-08-10T10:56:44","guid":{"rendered":"https:\/\/lucacastelli.com\/prodotto\/milwaukee-m12-kabelhefter\/"},"modified":"2025-08-10T12:56:44","modified_gmt":"2025-08-10T10:56:44","slug":"milwaukee-m12-kabelhefter","status":"publish","type":"product","link":"https:\/\/lucacastelli.com\/de\/produkt\/milwaukee-m12-kabelhefter\/","title":{"rendered":"Milwaukee M12\u2122 Kabelhefter"},"content":{"rendered":"<p>M12 BCST-0\/SCRATCHERS<br \/>\nMit dem neuen akkubetriebenen Kabelhefter k\u00f6nnen Arbeiten im Vergleich zur manuellen Installation in der H\u00e4lfte der Zeit erledigt werden;Die Kabelf\u00fchrungen k\u00f6nnen verschoben werden, um eine perfekte Ausrichtung zwischen Hefter und Kabel zu gew\u00e4hrleisten;Das kompakte Design und das geringe Gewicht erleichtern den Einsatz in engen R\u00e4umen und \u00fcber Kopf;Die Maschine stoppt automatisch, wenn sich keine Klammern mehr im Magazin befinden; arbeitet mit 25 mm Klammern; das Magazin hat ein Fassungsverm\u00f6gen von 45 Klammern; die LED-Beleuchtung erm\u00f6glicht das Arbeiten auch bei schlechten Lichtverh\u00e4ltnissen; mit einem 2-Ah-Akku k\u00f6nnen bis zu 1200 Klammern pro Ladung getackert werden.Der REDLITHIUM\u2122-Akku bietet eine \u00fcberlegene Akku-Konstruktion, Elektronik und gleichbleibende Leistung f\u00fcr mehr Laufzeit und mehr Arbeit \u00fcber die gesamte Lebensdauer des Akkus. Die REDLINK\u2122-Elektronik sch\u00fctzt das Ger\u00e4t und den Akku vor \u00dcberladung f\u00fcr eine l\u00e4ngere Lebensdauer.<\/p>\n<p>4933480488<br \/>\n4058546407735<\/p>\n","protected":false},"excerpt":{"rendered":"<p>M12 BCST-0\/SCRATCHERS<\/p>\n","protected":false},"featured_media":582695,"template":"","meta":{"_seopress_robots_primary_cat":"","_seopress_titles_title":"","_seopress_titles_desc":"","_seopress_robots_index":""},"product_brand":[3407],"product_cat":[5531,29],"product_tag":[3270],"class_list":{"0":"post-613246","1":"product","2":"type-product","3":"status-publish","4":"has-post-thumbnail","6":"product_brand-milwaukee","7":"product_cat-vari-macchinari-milwaukee","8":"product_cat-macchinari","9":"product_tag-import-milwau","10":"sws-conto-ricavi-merci-rivendita-macchinari-de","11":"sws-gruppo-iva-iva81-de","13":"first","14":"onbackorder","15":"sale","16":"shipping-taxable","17":"purchasable","18":"product-type-simple"},"_links":{"self":[{"href":"https:\/\/lucacastelli.com\/de\/wp-json\/wp\/v2\/product\/613246","targetHints":{"allow":["GET"]}}],"collection":[{"href":"https:\/\/lucacastelli.com\/de\/wp-json\/wp\/v2\/product"}],"about":[{"href":"https:\/\/lucacastelli.com\/de\/wp-json\/wp\/v2\/types\/product"}],"wp:featuredmedia":[{"embeddable":true,"href":"https:\/\/lucacastelli.com\/de\/wp-json\/wp\/v2\/media\/582695"}],"wp:attachment":[{"href":"https:\/\/lucacastelli.com\/de\/wp-json\/wp\/v2\/media?parent=613246"}],"wp:term":[{"taxonomy":"product_brand","embeddable":true,"href":"https:\/\/lucacastelli.com\/de\/wp-json\/wp\/v2\/product_brand?post=613246"},{"taxonomy":"product_cat","embeddable":true,"href":"https:\/\/lucacastelli.com\/de\/wp-json\/wp\/v2\/product_cat?post=613246"},{"taxonomy":"product_tag","embeddable":true,"href":"https:\/\/lucacastelli.com\/de\/wp-json\/wp\/v2\/product_tag?post=613246"}],"curies":[{"name":"wp","href":"https:\/\/api.w.org\/{rel}","templated":true}]}}