{"id":613244,"date":"2025-08-10T12:56:42","date_gmt":"2025-08-10T10:56:42","guid":{"rendered":"https:\/\/lucacastelli.com\/prodotto\/milwaukee-force-logic-m12-compact-hydraulic-pressing-machine\/"},"modified":"2025-08-10T12:56:42","modified_gmt":"2025-08-10T10:56:42","slug":"milwaukee-force-logic-m12-compact-hydraulic-pressing-machine","status":"publish","type":"product","link":"https:\/\/lucacastelli.com\/de\/produkt\/milwaukee-force-logic-m12-compact-hydraulic-pressing-machine\/","title":{"rendered":"Milwaukee Force Logic\u2122 M12\u2122 Compact Hydraulic Pressing Machine"},"content":{"rendered":"<p>M12 HPT-202C Geb Mapre Set\/FORCE LOGIC<br \/>\nDie leichteste und kompakteste Pressmaschine auf dem Markt: nur 1,8 kg Gewicht f\u00fcr mehr Komfort;Patentierte Einhand-Bedienungsbacke;Bietet eine visuelle Best\u00e4tigung einer qualitativ hochwertigen Verbindung;Hervorragender Pressbereich, bis zu 35 mm in Metall- und 40 mm in Verbundrohren;Das Werkzeug f\u00fchrt vor dem Pressvorgang eine Batterieladepr\u00fcfung durch und beginnt bei unzureichender Ladung nicht mit dem Pressen, um die Arbeit nicht unvollendet zu lassen;Wartungsintervalle Die fortschrittliche Elektronik z\u00e4hlt die Zyklen und benachrichtigt den Benutzer, wenn das Ger\u00e4t die Kalibrierungsintervalle erreicht;4-stufige Batteriestatusanzeige ;Service: bis zu 40.000 Presszyklen vor der Wartung. Das Werkzeug arbeitet auch nach 40.000 Zyklen weiter;REDLINK\u2122 \u00dcberlastungsschutz-Elektronik im Werkzeug und im Akkupack sorgt f\u00fcr eine l\u00e4ngere Lebensdauer des Systems;Individuelle \u00dcberwachung der Akkuzellen f\u00fcr einen gleichm\u00e4\u00dfigen Verbrauch des Akkupacks und eine l\u00e4ngere Laufzeit;Akkustatusanzeige;REDLITHIUM\u2122-Akkupack bietet eine \u00fcberlegene Akkupack-Konstruktion, Elektronik und gleichbleibende Leistung f\u00fcr mehr Laufzeit und mehr Arbeit \u00fcber die gesamte Lebensdauer des Akkupacks;12-V-Plattform: funktioniert mit allen Milwaukee M12\u2122-Akkus   <\/p>\n<p>4933480902<br \/>\n4058546411879<\/p>\n","protected":false},"excerpt":{"rendered":"<p>M12 HPT-202C Geb Mapre Set\/FORCE LOGIC<\/p>\n","protected":false},"featured_media":570283,"template":"","meta":{"_seopress_robots_primary_cat":"","_seopress_titles_title":"","_seopress_titles_desc":"","_seopress_robots_index":""},"product_brand":[3407],"product_cat":[5531,29],"product_tag":[3270],"class_list":{"0":"post-613244","1":"product","2":"type-product","3":"status-publish","4":"has-post-thumbnail","6":"product_brand-milwaukee","7":"product_cat-vari-macchinari-milwaukee","8":"product_cat-macchinari","9":"product_tag-import-milwau","10":"sws-conto-ricavi-merci-rivendita-macchinari-de","11":"sws-gruppo-iva-iva81-de","13":"first","14":"onbackorder","15":"sale","16":"shipping-taxable","17":"purchasable","18":"product-type-simple"},"_links":{"self":[{"href":"https:\/\/lucacastelli.com\/de\/wp-json\/wp\/v2\/product\/613244","targetHints":{"allow":["GET"]}}],"collection":[{"href":"https:\/\/lucacastelli.com\/de\/wp-json\/wp\/v2\/product"}],"about":[{"href":"https:\/\/lucacastelli.com\/de\/wp-json\/wp\/v2\/types\/product"}],"wp:featuredmedia":[{"embeddable":true,"href":"https:\/\/lucacastelli.com\/de\/wp-json\/wp\/v2\/media\/570283"}],"wp:attachment":[{"href":"https:\/\/lucacastelli.com\/de\/wp-json\/wp\/v2\/media?parent=613244"}],"wp:term":[{"taxonomy":"product_brand","embeddable":true,"href":"https:\/\/lucacastelli.com\/de\/wp-json\/wp\/v2\/product_brand?post=613244"},{"taxonomy":"product_cat","embeddable":true,"href":"https:\/\/lucacastelli.com\/de\/wp-json\/wp\/v2\/product_cat?post=613244"},{"taxonomy":"product_tag","embeddable":true,"href":"https:\/\/lucacastelli.com\/de\/wp-json\/wp\/v2\/product_tag?post=613244"}],"curies":[{"name":"wp","href":"https:\/\/api.w.org\/{rel}","templated":true}]}}