{"id":613239,"date":"2025-08-10T12:56:43","date_gmt":"2025-08-10T10:56:43","guid":{"rendered":"https:\/\/lucacastelli.com\/prodotto\/milwaukee-force-logic-m18-buerstenlose-hydraulische-pressmaschine\/"},"modified":"2025-08-10T12:56:43","modified_gmt":"2025-08-10T10:56:43","slug":"milwaukee-force-logic-m18-buerstenlose-hydraulische-pressmaschine","status":"publish","type":"product","link":"https:\/\/lucacastelli.com\/de\/produkt\/milwaukee-force-logic-m18-buerstenlose-hydraulische-pressmaschine\/","title":{"rendered":"Milwaukee FORCE LOGIC\u2122 M18 B\u00fcrstenlose hydraulische Pressmaschine"},"content":{"rendered":"<p>M18 BLHPT-202C Gebe Mapre Set \/FORCE LOG<br \/>\nB\u00fcrstenloser Motor: 32 kN Presskraft, bis zu 10 % schneller, 20 % l\u00e4ngere Lebensdauer; FORCE LOGIC\u2122 Pressanzeige: bietet eine visuelle Best\u00e4tigung der erfolgreichen Anwendung; kann mit einer Hand bei \u00dcberkopf- oder beengten Platzverh\u00e4ltnissen verwendet werden; Inline-Griff und kompakte Abmessungen; Intelligente Elektronik: das Werkzeug verpresst nicht, wenn die Akkuladung nicht ausreicht; FORCE LOGIC\u2122 Zuverl\u00e4ssigkeit 3-Jahres-Wartungsintervall (unbegrenzte Zyklen);Erm\u00f6glicht das Verpressen von Metallrohren bis zu 108 mm und 110 mm Verbundrohren;Universalbackenaufsatz, kompatibel mit dem Marktstandard;Batterieladezustandsanzeige und LED-Licht zur Ausleuchtung des Anwendungsbereichs;B\u00fcrstenloser Motor, REDLINK PLUS\u2122-Elektronik und REDLITHIUM\u2122-Akkupack sorgen f\u00fcr \u00fcberragende Leistung und Langlebigkeit;Funktioniert mit allen Milwaukee M18-Akkus;REDLITHIUM\u2122-Akkupack bietet \u00fcberlegene Akku-Konstruktion, Elektronik und gleichbleibende Leistung f\u00fcr mehr Reichweite;Funktioniert mit allen Milwaukee M18-Akkus<\/p>\n<p>4933480903<br \/>\n4058546411886<\/p>\n","protected":false},"excerpt":{"rendered":"<p>M18 BLHPT-202C Gebe Mapre Set \/FORCE LOG<\/p>\n","protected":false},"featured_media":571198,"template":"","meta":{"_seopress_robots_primary_cat":"","_seopress_titles_title":"","_seopress_titles_desc":"","_seopress_robots_index":""},"product_brand":[3407],"product_cat":[5531,29],"product_tag":[3270],"class_list":{"0":"post-613239","1":"product","2":"type-product","3":"status-publish","4":"has-post-thumbnail","6":"product_brand-milwaukee","7":"product_cat-vari-macchinari-milwaukee","8":"product_cat-macchinari","9":"product_tag-import-milwau","10":"sws-conto-ricavi-merci-rivendita-macchinari-de","11":"sws-gruppo-iva-iva81-de","13":"first","14":"onbackorder","15":"sale","16":"shipping-taxable","17":"purchasable","18":"product-type-simple"},"_links":{"self":[{"href":"https:\/\/lucacastelli.com\/de\/wp-json\/wp\/v2\/product\/613239","targetHints":{"allow":["GET"]}}],"collection":[{"href":"https:\/\/lucacastelli.com\/de\/wp-json\/wp\/v2\/product"}],"about":[{"href":"https:\/\/lucacastelli.com\/de\/wp-json\/wp\/v2\/types\/product"}],"wp:featuredmedia":[{"embeddable":true,"href":"https:\/\/lucacastelli.com\/de\/wp-json\/wp\/v2\/media\/571198"}],"wp:attachment":[{"href":"https:\/\/lucacastelli.com\/de\/wp-json\/wp\/v2\/media?parent=613239"}],"wp:term":[{"taxonomy":"product_brand","embeddable":true,"href":"https:\/\/lucacastelli.com\/de\/wp-json\/wp\/v2\/product_brand?post=613239"},{"taxonomy":"product_cat","embeddable":true,"href":"https:\/\/lucacastelli.com\/de\/wp-json\/wp\/v2\/product_cat?post=613239"},{"taxonomy":"product_tag","embeddable":true,"href":"https:\/\/lucacastelli.com\/de\/wp-json\/wp\/v2\/product_tag?post=613239"}],"curies":[{"name":"wp","href":"https:\/\/api.w.org\/{rel}","templated":true}]}}