{"id":613232,"date":"2025-08-10T12:56:41","date_gmt":"2025-08-10T10:56:41","guid":{"rendered":"https:\/\/lucacastelli.com\/prodotto\/milwaukee-force-logic-m18-one-key-buerstenlose-hydraulische-pressmaschine\/"},"modified":"2025-08-10T12:56:41","modified_gmt":"2025-08-10T10:56:41","slug":"milwaukee-force-logic-m18-one-key-buerstenlose-hydraulische-pressmaschine","status":"publish","type":"product","link":"https:\/\/lucacastelli.com\/de\/produkt\/milwaukee-force-logic-m18-one-key-buerstenlose-hydraulische-pressmaschine\/","title":{"rendered":"Milwaukee FORCE LOGIC\u2122 M18 ONE-KEY\u2122 B\u00fcrstenlose hydraulische Pressmaschine"},"content":{"rendered":"<p>M18 ONEBLHPT-302C Geb Mapr Set\/FORCE LOG<br \/>\nB\u00fcrstenloser Motor: bis zu 10 % schnelleres Verpressen und bis zu 20 % l\u00e4ngere Autonomie;FORCE LOGIC\u2122 Verpressanzeige: bietet eine visuelle Best\u00e4tigung der korrekten Verbindung;Einhandbedienung f\u00fcr \u00dcberkopf- und beengte Raumanwendungen;ONE-KEY\u2122 System liefert Berichte \u00fcber die durchgef\u00fchrten Anwendungen, die \u00fcber eine App oder eine Online-Plattform eingesehen werden k\u00f6nnen;ONE-KEY\u2122 System bietet eine digitale Inventarisierungsplattform f\u00fcr die Werkzeugverfolgung und die Verhinderung von Diebstahl und Verlust;Kommunikation zwischen dem Werkzeug und dem Akku das Werkzeug verpresst nicht, wenn es die Verbindung aufgrund einer unzureichenden Akkuladung nicht vollenden kann;Erm\u00f6glicht das Verpressen von Metallrohren bis 108 mm und Verbundrohren ab 110 mm;Universalbackenaufsatz, Kompatibilit\u00e4t mit den meisten markt\u00fcblichen Systemen;REDLINK\u2122-Elektronik bietet \u00dcberlastungsschutz f\u00fcr Werkzeug und Akku und sorgt so f\u00fcr eine l\u00e4ngere Lebensdauer;LED-Licht und Akkuladezustandsanzeige;Funktioniert mit allen Milwaukee M18-Akkus<\/p>\n<p>4933480904<br \/>\n4058546411893<\/p>\n","protected":false},"excerpt":{"rendered":"<p>M18 ONEBLHPT-302C Geb Mapr Set\/FORCE LOG<\/p>\n","protected":false},"featured_media":442888,"template":"","meta":{"_seopress_robots_primary_cat":"","_seopress_titles_title":"","_seopress_titles_desc":"","_seopress_robots_index":""},"product_brand":[3407],"product_cat":[5531,29],"product_tag":[3270],"class_list":{"0":"post-613232","1":"product","2":"type-product","3":"status-publish","4":"has-post-thumbnail","6":"product_brand-milwaukee","7":"product_cat-vari-macchinari-milwaukee","8":"product_cat-macchinari","9":"product_tag-import-milwau","10":"sws-conto-ricavi-merci-rivendita-macchinari-de","11":"sws-gruppo-iva-iva81-de","13":"first","14":"onbackorder","15":"sale","16":"shipping-taxable","17":"purchasable","18":"product-type-simple"},"_links":{"self":[{"href":"https:\/\/lucacastelli.com\/de\/wp-json\/wp\/v2\/product\/613232","targetHints":{"allow":["GET"]}}],"collection":[{"href":"https:\/\/lucacastelli.com\/de\/wp-json\/wp\/v2\/product"}],"about":[{"href":"https:\/\/lucacastelli.com\/de\/wp-json\/wp\/v2\/types\/product"}],"wp:featuredmedia":[{"embeddable":true,"href":"https:\/\/lucacastelli.com\/de\/wp-json\/wp\/v2\/media\/442888"}],"wp:attachment":[{"href":"https:\/\/lucacastelli.com\/de\/wp-json\/wp\/v2\/media?parent=613232"}],"wp:term":[{"taxonomy":"product_brand","embeddable":true,"href":"https:\/\/lucacastelli.com\/de\/wp-json\/wp\/v2\/product_brand?post=613232"},{"taxonomy":"product_cat","embeddable":true,"href":"https:\/\/lucacastelli.com\/de\/wp-json\/wp\/v2\/product_cat?post=613232"},{"taxonomy":"product_tag","embeddable":true,"href":"https:\/\/lucacastelli.com\/de\/wp-json\/wp\/v2\/product_tag?post=613232"}],"curies":[{"name":"wp","href":"https:\/\/api.w.org\/{rel}","templated":true}]}}