{"id":613218,"date":"2025-08-10T12:56:37","date_gmt":"2025-08-10T10:56:37","guid":{"rendered":"https:\/\/lucacastelli.com\/prodotto\/milwaukee-m12-fuel-13-mm-bandschleifer\/"},"modified":"2025-08-10T12:56:37","modified_gmt":"2025-08-10T10:56:37","slug":"milwaukee-m12-fuel-13-mm-bandschleifer","status":"publish","type":"product","link":"https:\/\/lucacastelli.com\/de\/produkt\/milwaukee-m12-fuel-13-mm-bandschleifer\/","title":{"rendered":"Milwaukee M12 FUEL 13 mm Bandschleifer"},"content":{"rendered":"<p>M12 FBFL13-0 BAND 13MM\/SCHLEIFER<br \/>\nDer erste 12-V-Akku-Bandschleifer mit 13-mm-Band; Der leichteste Bandschleifer auf dem Markt, nur 1.1 kg mit 2 Ah-Akku;Bessere Balance und Leistung im Vergleich zu pneumatischen Maschinen;M\u00f6glichkeit, zwei Geschwindigkeiten f\u00fcr maximale Kontrolle bei allen Anwendungen zu w\u00e4hlen, vom Entfernen von Schwei\u00dfpunkten bis hin zu Edelstahl, Aluminium und Holz;M\u00f6glichkeit, die Bandrichtung einzustellen, um Funken\/Sp\u00e4ne zu lenken;Einhandbedienung: Perfekt f\u00fcr Anwendungen in engen R\u00e4umen oder \u00fcber Kopf;Der Kopf kann um 360\u00b0 gedreht werden;Das Werkzeug erm\u00f6glicht die Abzugssperre, sodass du auch \u00fcber l\u00e4ngere Zeitr\u00e4ume m\u00fchelos arbeiten kannst;Der Riemen l\u00e4sst sich ohne Werkzeug wechseln;LED-Leuchten leuchten den Arbeitsbereich effektiv aus;Funktioniert mit allen Milwaukee-Akkus<\/p>\n<p>4933480960<br \/>\n4058546412456<\/p>\n","protected":false},"excerpt":{"rendered":"<p>M12 FBFL13-0 BAND 13MM\/SCHLEIFER<\/p>\n","protected":false},"featured_media":583192,"template":"","meta":{"_seopress_robots_primary_cat":"","_seopress_titles_title":"","_seopress_titles_desc":"","_seopress_robots_index":""},"product_brand":[3407],"product_cat":[5531,29],"product_tag":[3270],"class_list":{"0":"post-613218","1":"product","2":"type-product","3":"status-publish","4":"has-post-thumbnail","6":"product_brand-milwaukee","7":"product_cat-vari-macchinari-milwaukee","8":"product_cat-macchinari","9":"product_tag-import-milwau","10":"sws-conto-ricavi-merci-rivendita-macchinari-de","11":"sws-gruppo-iva-iva81-de","13":"first","14":"onbackorder","15":"sale","16":"shipping-taxable","17":"purchasable","18":"product-type-simple"},"_links":{"self":[{"href":"https:\/\/lucacastelli.com\/de\/wp-json\/wp\/v2\/product\/613218","targetHints":{"allow":["GET"]}}],"collection":[{"href":"https:\/\/lucacastelli.com\/de\/wp-json\/wp\/v2\/product"}],"about":[{"href":"https:\/\/lucacastelli.com\/de\/wp-json\/wp\/v2\/types\/product"}],"wp:featuredmedia":[{"embeddable":true,"href":"https:\/\/lucacastelli.com\/de\/wp-json\/wp\/v2\/media\/583192"}],"wp:attachment":[{"href":"https:\/\/lucacastelli.com\/de\/wp-json\/wp\/v2\/media?parent=613218"}],"wp:term":[{"taxonomy":"product_brand","embeddable":true,"href":"https:\/\/lucacastelli.com\/de\/wp-json\/wp\/v2\/product_brand?post=613218"},{"taxonomy":"product_cat","embeddable":true,"href":"https:\/\/lucacastelli.com\/de\/wp-json\/wp\/v2\/product_cat?post=613218"},{"taxonomy":"product_tag","embeddable":true,"href":"https:\/\/lucacastelli.com\/de\/wp-json\/wp\/v2\/product_tag?post=613218"}],"curies":[{"name":"wp","href":"https:\/\/api.w.org\/{rel}","templated":true}]}}