{"id":613213,"date":"2025-08-10T12:56:33","date_gmt":"2025-08-10T10:56:33","guid":{"rendered":"https:\/\/lucacastelli.com\/prodotto\/milwaukee-m12-kompaktpresse-mit-force-logic-und-one-key-3\/"},"modified":"2025-08-10T12:56:33","modified_gmt":"2025-08-10T10:56:33","slug":"milwaukee-m12-kompaktpresse-mit-force-logic-und-one-key-3","status":"publish","type":"product","link":"https:\/\/lucacastelli.com\/de\/produkt\/milwaukee-m12-kompaktpresse-mit-force-logic-und-one-key-3\/","title":{"rendered":"Milwaukee M12\u2122 Kompaktpresse mit FORCE LOGIC\u2122 und ONE-KEY\u2122"},"content":{"rendered":"<p>M12 ONEHPT-202C GeberitMapress\/PRESSOREN<br \/>\nKompakt und leicht, wiegt nur 1.8 kg;Das Werkzeug zeichnet jede einzelne Verpressung auf, die gespeichert und \u00fcber die ONE-KEY\u2122 App gesendet werden kann;Kopf kann um 180 Grad gedreht werden f\u00fcr maximale Flexibilit\u00e4t und Zugang in engen R\u00e4umen;FORCE LOGIC\u2122 Pressanzeige best\u00e4tigt visuell den erfolgreichen Betrieb;Einhandbedienung;Erm\u00f6glicht das Verpressen von Metallrohren bis zu 35 mm und Verbundrohren bis zu 40 mm;Akku-Werkzeug-Kommunikation Batteriekontrolle vor dem Verpressen stellt sicher, dass der Presser nicht anl\u00e4uft, um ein unvollst\u00e4ndiges Verpressen bei niedrigem Batteriestand zu vermeiden;4-stufige Batterieladeanzeige;FORCE LOGIC\u2122 Langlebige Zuverl\u00e4ssigkeit: Keine Begrenzung der Presszyklen im 3-Jahres-Wartungsintervall;REDLINK\u2122-Elektronik sch\u00fctzt Werkzeug und Akku vor \u00dcberlastung;REDLITHIUM\u2122-Akku sorgt f\u00fcr eine fortschrittliche Akkukonstruktion, um eine l\u00e4ngere Lebensdauer und gleichbleibende Leistung zu gew\u00e4hrleisten;Funktioniert mit allen Milwaukee M12\u2122-Akkus<\/p>\n<p>4933481038<br \/>\n4058546413231<\/p>\n","protected":false},"excerpt":{"rendered":"<p>M12 ONEHPT-202C GeberitMapress\/PRESSOREN<\/p>\n","protected":false},"featured_media":583290,"template":"","meta":{"_seopress_robots_primary_cat":"","_seopress_titles_title":"","_seopress_titles_desc":"","_seopress_robots_index":""},"product_brand":[3407],"product_cat":[5531,29],"product_tag":[3270],"class_list":{"0":"post-613213","1":"product","2":"type-product","3":"status-publish","4":"has-post-thumbnail","6":"product_brand-milwaukee","7":"product_cat-vari-macchinari-milwaukee","8":"product_cat-macchinari","9":"product_tag-import-milwau","10":"sws-conto-ricavi-merci-rivendita-macchinari-de","11":"sws-gruppo-iva-iva81-de","13":"first","14":"onbackorder","15":"sale","16":"shipping-taxable","17":"purchasable","18":"product-type-simple"},"_links":{"self":[{"href":"https:\/\/lucacastelli.com\/de\/wp-json\/wp\/v2\/product\/613213","targetHints":{"allow":["GET"]}}],"collection":[{"href":"https:\/\/lucacastelli.com\/de\/wp-json\/wp\/v2\/product"}],"about":[{"href":"https:\/\/lucacastelli.com\/de\/wp-json\/wp\/v2\/types\/product"}],"wp:featuredmedia":[{"embeddable":true,"href":"https:\/\/lucacastelli.com\/de\/wp-json\/wp\/v2\/media\/583290"}],"wp:attachment":[{"href":"https:\/\/lucacastelli.com\/de\/wp-json\/wp\/v2\/media?parent=613213"}],"wp:term":[{"taxonomy":"product_brand","embeddable":true,"href":"https:\/\/lucacastelli.com\/de\/wp-json\/wp\/v2\/product_brand?post=613213"},{"taxonomy":"product_cat","embeddable":true,"href":"https:\/\/lucacastelli.com\/de\/wp-json\/wp\/v2\/product_cat?post=613213"},{"taxonomy":"product_tag","embeddable":true,"href":"https:\/\/lucacastelli.com\/de\/wp-json\/wp\/v2\/product_tag?post=613213"}],"curies":[{"name":"wp","href":"https:\/\/api.w.org\/{rel}","templated":true}]}}