{"id":613201,"date":"2025-08-10T12:42:05","date_gmt":"2025-08-10T10:42:05","guid":{"rendered":"https:\/\/lucacastelli.com\/prodotto\/milwaukee-mx-fuel-pulverisierer-900-mm-2\/"},"modified":"2026-04-15T12:15:05","modified_gmt":"2026-04-15T10:15:05","slug":"milwaukee-mx-fuel-pulverisierer-900-mm-2","status":"publish","type":"product","link":"https:\/\/lucacastelli.com\/de\/produkt\/milwaukee-mx-fuel-pulverisierer-900-mm-2\/","title":{"rendered":"MILWAUKEE Fl\u00fcgelgl\u00e4tter MX FUEL\u2122 900 mm"},"content":{"rendered":"<p>MXFWBT90-0 900 MM HANDGEF\u00dcHRTER FL\u00dcGELGL\u00c4TTER<br \/>\nBietet ein glattes und ausgewogenes Finish mit einer Leistung von 5 PS; AUTOSTOP\u2122-System f\u00fcr maximalen Anwenderschutz; Bis zu 25 Minuten Laufzeit mit 1 Akku; Variable Drehzahlen, H\u00f6chstgeschwindigkeit 130 U\/min; Ergonomischer Griff f\u00fcr maximale Kontrolle; H\u00f6henverstellbarer F\u00fchrungsholm f\u00fcr mehr Komfort; Feineinstellrad f\u00fcr pr\u00e4zise Einstellung der Blattneigung; Hebe\u00f6se f\u00fcr bessere Man\u00f6vrierf\u00e4higkeit auf der Baustelle; Das MX FUEL\u2122-System setzt neue Ma\u00dfst\u00e4be im Akkubereich: Leistung wie bei Benzin-, kabelgebundenen oder pneumatischen L\u00f6sungen, ohne Gefahren durch Emissionen, L\u00e4rm, Vibrationen, Stolperfallen oder komplexe Wartung; Das ONE-KEY\u2122 Tracking &amp; Security-System bietet eine kostenlose cloudbasierte Bestandsverwaltung und Ortung sowie eine Fernsperrfunktion<\/p>\n<p>4933498326<br \/>\n4058546521950<\/p>\n","protected":false},"excerpt":{"rendered":"<p>MXFWBT90-0 900 MM HANDGEF\u00dcHRTER FL\u00dcGELGL\u00c4TTER<\/p>\n","protected":false},"featured_media":587562,"template":"","meta":{"_seopress_robots_primary_cat":"","_seopress_titles_title":"","_seopress_titles_desc":"","_seopress_robots_index":""},"product_brand":[3407],"product_cat":[5531,29,514],"product_tag":[3270],"class_list":{"0":"post-613201","1":"product","2":"type-product","3":"status-publish","4":"has-post-thumbnail","6":"product_brand-milwaukee","7":"product_cat-vari-macchinari-milwaukee","8":"product_cat-macchinari","9":"product_cat-altri-dispositivi","10":"product_tag-import-milwau","11":"sws-conto-ricavi-merci-rivendita-macchinari-de","12":"sws-gruppo-iva-iva81-de","14":"first","15":"onbackorder","16":"sale","17":"shipping-taxable","18":"purchasable","19":"product-type-simple"},"_links":{"self":[{"href":"https:\/\/lucacastelli.com\/de\/wp-json\/wp\/v2\/product\/613201","targetHints":{"allow":["GET"]}}],"collection":[{"href":"https:\/\/lucacastelli.com\/de\/wp-json\/wp\/v2\/product"}],"about":[{"href":"https:\/\/lucacastelli.com\/de\/wp-json\/wp\/v2\/types\/product"}],"wp:featuredmedia":[{"embeddable":true,"href":"https:\/\/lucacastelli.com\/de\/wp-json\/wp\/v2\/media\/587562"}],"wp:attachment":[{"href":"https:\/\/lucacastelli.com\/de\/wp-json\/wp\/v2\/media?parent=613201"}],"wp:term":[{"taxonomy":"product_brand","embeddable":true,"href":"https:\/\/lucacastelli.com\/de\/wp-json\/wp\/v2\/product_brand?post=613201"},{"taxonomy":"product_cat","embeddable":true,"href":"https:\/\/lucacastelli.com\/de\/wp-json\/wp\/v2\/product_cat?post=613201"},{"taxonomy":"product_tag","embeddable":true,"href":"https:\/\/lucacastelli.com\/de\/wp-json\/wp\/v2\/product_tag?post=613201"}],"curies":[{"name":"wp","href":"https:\/\/api.w.org\/{rel}","templated":true}]}}